{"id":18,"date":"2024-05-05T18:23:29","date_gmt":"2024-05-05T16:23:29","guid":{"rendered":"https:\/\/lessourcescitoyennes.fr\/?page_id=18"},"modified":"2024-06-01T15:13:25","modified_gmt":"2024-06-01T13:13:25","slug":"blog","status":"publish","type":"page","link":"https:\/\/lessourcescitoyennes.fr\/index.php\/blog\/","title":{"rendered":"Blog"},"content":{"rendered":"<div data-colibri-id=\"18-c1\" class=\"style-464 style-local-18-c1 position-relative\">\n  <!---->\n  <div data-colibri-component=\"section\" data-colibri-id=\"18-c2\" id=\"blog\" class=\"h-section h-section-global-spacing d-flex align-items-lg-end align-items-md-end align-items-end style-465 style-local-18-c2 position-relative\">\n    <!---->\n    <!---->\n    <div class=\"h-section-grid-container h-section-boxed-container\">\n      <div data-colibri-id=\"18-c16\" class=\"h-row-container gutters-row-lg-2 gutters-row-md-2 gutters-row-2 gutters-row-v-lg-2 gutters-row-v-md-2 gutters-row-v-2 style-479 style-local-18-c16 position-relative\">\n        <!---->\n        <div class=\"h-row justify-content-lg-center justify-content-md-center justify-content-center align-items-lg-stretch align-items-md-stretch align-items-stretch gutters-col-lg-2 gutters-col-md-2 gutters-col-2 gutters-col-v-lg-2 gutters-col-v-md-2 gutters-col-v-2\">\n          <!---->\n          <div class=\"h-column h-column-container d-flex h-col-lg-auto h-col-md-auto h-col-auto style-480-outer style-local-18-c17-outer\">\n            <div data-colibri-id=\"18-c17\" class=\"d-flex h-flex-basis h-column__inner h-px-lg-2 h-px-md-2 h-px-2 v-inner-lg-2 v-inner-md-2 v-inner-2 style-480 style-local-18-c17 position-relative\">\n              <!---->\n              <!---->\n              <div class=\"w-100 h-y-container h-column__content h-column__v-align flex-basis-100 align-self-lg-start align-self-md-start align-self-start\">\n                <!---->\n                <div data-colibri-id=\"18-c18\" class=\"h-global-transition-all h-heading style-481 style-local-18-c18 position-relative h-element\">\n                  <!---->\n                  <div class=\"h-heading__outer style-481 style-local-18-c18\">\n                    <!---->\n                    <!---->\n                    <h2 class=\"\">Derniers articles<\/h2>\n                  <\/div>\n                <\/div>\n                <div data-colibri-id=\"18-c19\" class=\"h-lead h-text h-text-component style-482 style-local-18-c19 position-relative h-element\">\n                  <!---->\n                  <!---->\n                  <div class=\"\">\n                    <p>Vous souhaitez suivre l&rsquo;activit\u00e9 de l&rsquo;association ?\n                      <br>C&rsquo;est ici !\n                      <br>\n                    <\/p>\n                  <\/div>\n                <\/div>\n              <\/div>\n            <\/div>\n          <\/div>\n        <\/div>\n      <\/div>\n      <div data-colibri-id=\"18-c3\" class=\"h-row-container gutters-row-lg-0 gutters-row-md-0 gutters-row-0 gutters-row-v-lg-0 gutters-row-v-md-0 gutters-row-v-0 style-466 style-local-18-c3 position-relative\">\n        <!---->\n        <div class=\"h-row justify-content-lg-center justify-content-md-center justify-content-center align-items-lg-stretch align-items-md-stretch align-items-stretch gutters-col-lg-0 gutters-col-md-0 gutters-col-0 gutters-col-v-lg-0 gutters-col-v-md-0 gutters-col-v-0\">\n          <!---->\n          <div class=\"h-column h-column-container d-flex h-col-lg-auto h-col-md-auto h-col-auto style-467-outer style-local-18-c4-outer\">\n            <div data-colibri-id=\"18-c4\" class=\"d-flex h-flex-basis h-column__inner h-px-lg-0 h-px-md-0 h-px-0 v-inner-lg-0 v-inner-md-0 v-inner-0 style-467 style-local-18-c4 position-relative\">\n              <!---->\n              <!---->\n              <div class=\"w-100 h-y-container h-column__content h-column__v-align flex-basis-100 align-self-lg-start align-self-md-start align-self-start\">\n                <!---->\n                <div data-colibri-id=\"18-c5\" class=\"h-row-container gutters-row-lg-2 gutters-row-md-2 gutters-row-2 gutters-row-v-lg-2 gutters-row-v-md-2 gutters-row-v-2 colibri-dynamic-list style-468 style-local-18-c5 position-relative\">\n                  <!---->\n                  <div data-colibri-component=\"\" class=\"h-row justify-content-lg-start justify-content-md-start justify-content-start align-items-lg-stretch align-items-md-stretch align-items-stretch gutters-col-lg-2 gutters-col-md-2 gutters-col-2 gutters-col-v-lg-2 gutters-col-v-md-2 gutters-col-v-2 style-468-row style-local-18-c5-row\">\n                    <!---->\n        <div class=\"h-column h-column-container d-flex h-col-lg-4 h-col-md-6 h-col-12 post-1067 post type-post status-publish format-standard has-post-thumbnail hentry category-entraide masonry-item style-469-outer style-local-18-c6-outer\"><div data-colibri-id=\"18-c6\" class=\"d-flex h-flex-basis h-column__inner h-px-lg-2 h-px-md-2 h-px-2 v-inner-lg-2 v-inner-md-2 v-inner-2 style-469 style-local-18-c6 h-overflow-hidden position-relative\"> <div class=\"w-100 h-y-container h-column__content h-column__v-align flex-basis-100 align-self-lg-start align-self-md-start align-self-start\"> <div data-href=\"https:\/\/lessourcescitoyennes.fr\/index.php\/2025\/03\/04\/lentraide-au-coeur-des-sources-citoyennes\/\" data-colibri-component=\"link\" data-colibri-id=\"18-c7\" class=\"colibri-post-thumbnail colibri-post-has-thumbnail colibri-post-thumbnail-has-placeholder style-470 style-local-18-c7 h-overflow-hidden position-relative h-element\"><div class=\"h-global-transition-all colibri-post-thumbnail-shortcode style-dynamic-18-c7-height\">            <a href=\"https:\/\/lessourcescitoyennes.fr\/index.php\/2025\/03\/04\/lentraide-au-coeur-des-sources-citoyennes\/\" title=\"L&rsquo;entraide au c\u0153ur des Sources Citoyennes\">\n\t\t\t\t<img loading=\"lazy\" decoding=\"async\" width=\"2048\" height=\"1536\" src=\"https:\/\/lessourcescitoyennes.fr\/wp-content\/uploads\/2025\/03\/98b8ae6d-b3b6-4791-b9f3-4356e96aa78b.jpg\" class=\"attachment-post-thumbnail size-post-thumbnail wp-post-image\" alt=\"\" srcset=\"https:\/\/lessourcescitoyennes.fr\/wp-content\/uploads\/2025\/03\/98b8ae6d-b3b6-4791-b9f3-4356e96aa78b.jpg 2048w, https:\/\/lessourcescitoyennes.fr\/wp-content\/uploads\/2025\/03\/98b8ae6d-b3b6-4791-b9f3-4356e96aa78b-300x225.jpg 300w, https:\/\/lessourcescitoyennes.fr\/wp-content\/uploads\/2025\/03\/98b8ae6d-b3b6-4791-b9f3-4356e96aa78b-1024x768.jpg 1024w, https:\/\/lessourcescitoyennes.fr\/wp-content\/uploads\/2025\/03\/98b8ae6d-b3b6-4791-b9f3-4356e96aa78b-768x576.jpg 768w, https:\/\/lessourcescitoyennes.fr\/wp-content\/uploads\/2025\/03\/98b8ae6d-b3b6-4791-b9f3-4356e96aa78b-1536x1152.jpg 1536w\" sizes=\"auto, (max-width: 2048px) 100vw, 2048px\" \/>            <\/a>\n\t\t\t<\/div> <div class=\"colibri-post-thumbnail-content align-items-lg-center align-items-md-center align-items-center flex-basis-100\"><div class=\"w-100 h-y-container\"> <\/div><\/div><\/div><div data-colibri-id=\"18-c8\" class=\"h-row-container gutters-row-lg-0 gutters-row-md-0 gutters-row-2 gutters-row-v-lg-0 gutters-row-v-md-0 gutters-row-v-0 style-471 style-local-18-c8 position-relative\"><div class=\"h-row justify-content-lg-center justify-content-md-center justify-content-center align-items-lg-stretch align-items-md-stretch align-items-stretch gutters-col-lg-0 gutters-col-md-0 gutters-col-2 gutters-col-v-lg-0 gutters-col-v-md-0 gutters-col-v-0\"> <div class=\"h-column h-column-container d-flex h-col-lg h-col-md h-col-auto style-472-outer style-local-18-c9-outer\"><div data-colibri-id=\"18-c9\" class=\"d-flex h-flex-basis h-column__inner h-px-lg-3 h-px-md-3 h-px-3 v-inner-lg-3 v-inner-md-3 v-inner-3 style-472 style-local-18-c9 position-relative\"> <div class=\"w-100 h-y-container h-column__content h-column__v-align flex-basis-100 align-self-lg-start align-self-md-start align-self-start\"> <div data-colibri-id=\"18-c10\" class=\"h-blog-categories style-473 style-local-18-c10 position-relative h-element\"><div class=\"h-global-transition-all\"><a class=\"d-inline-block colibri-post-category\" href=\"https:\/\/lessourcescitoyennes.fr\/index.php\/category\/entraide\/\">Entraide<\/a><\/div><\/div><div data-colibri-id=\"18-c11\" class=\"h-blog-title style-474 style-local-18-c11 position-relative h-element\"><div class=\"h-global-transition-all\"><a href=\"https:\/\/lessourcescitoyennes.fr\/index.php\/2025\/03\/04\/lentraide-au-coeur-des-sources-citoyennes\/\"><h4 class=\"colibri-word-wrap\">L&rsquo;entraide au c\u0153ur des Sources Citoyennes<\/h4><\/a><\/div><\/div><div data-colibri-id=\"18-c12\" class=\"h-blog-meta style-475 style-local-18-c12 position-relative h-element\"><div class=\"metadata-item\"><span class=\"metadata-prefix\">by<\/span> <a href=\"https:\/\/lessourcescitoyennes.fr\/index.php\/author\/admin3309\/\">admin3309<\/a> <span class=\"meta-separator\"><\/span><\/div><div class=\"metadata-item\"><span class=\"metadata-prefix\">on<\/span> <a href=\"https:\/\/lessourcescitoyennes.fr\/index.php\/2025\/03\/04\/\">Mar 4<\/a><\/div><\/div><div data-colibri-id=\"18-c13\" class=\"style-476 style-local-18-c13 position-relative h-element\"><div class=\"h-global-transition-all\"><div class=\"colibri-post-excerpt\">Aux Sources Citoyennes, nous croyons que l&rsquo;engagement citoyen ne se limite pas [&hellip;]<\/div><\/div><\/div><div data-colibri-id=\"18-c14\" class=\"h-x-container style-477 style-local-18-c14 position-relative h-element\"><div class=\"h-x-container-inner style-dynamic-18-c14-group\"><span class=\"h-button__outer style-478-outer style-local-18-c15-outer d-inline-flex h-element\"><a href=\"https:\/\/lessourcescitoyennes.fr\/index.php\/2025\/03\/04\/lentraide-au-coeur-des-sources-citoyennes\/\" data-colibri-id=\"18-c15\" class=\"d-flex w-100 align-items-center h-button justify-content-lg-center justify-content-md-center justify-content-center style-478 style-local-18-c15 position-relative\"> <span>Read more<\/span> <span class=\"h-svg-icon h-button__icon style-478-icon style-local-18-c15-icon\"><svg version=\"1.1\" xmlns=\"http:\/\/www.w3.org\/2000\/svg\" xmlns:xlink=\"http:\/\/www.w3.org\/1999\/xlink\" id=\"arrow-right\" viewBox=\"0 0 512 545.5\"><path d=\"M299.5 140.5l136 136 11 11.5-11 11.5-136 136-23-23L385 304H64v-32h321L276.5 163.5z\"><\/path><\/svg><\/span><\/a><\/span><\/div><\/div><\/div><\/div><\/div><\/div><\/div><\/div><\/div><\/div>\n      \n      \n        <div class=\"h-column h-column-container d-flex h-col-lg-4 h-col-md-6 h-col-12 post-1042 post type-post status-publish format-standard has-post-thumbnail hentry category-assemblee-generale masonry-item style-469-outer style-local-18-c6-outer\"><div data-colibri-id=\"18-c6\" class=\"d-flex h-flex-basis h-column__inner h-px-lg-2 h-px-md-2 h-px-2 v-inner-lg-2 v-inner-md-2 v-inner-2 style-469 style-local-18-c6 h-overflow-hidden position-relative\"> <div class=\"w-100 h-y-container h-column__content h-column__v-align flex-basis-100 align-self-lg-start align-self-md-start align-self-start\"> <div data-href=\"https:\/\/lessourcescitoyennes.fr\/index.php\/2025\/02\/13\/les-sources-citoyennes-en-assemblee-generale\/\" data-colibri-component=\"link\" data-colibri-id=\"18-c7\" class=\"colibri-post-thumbnail colibri-post-has-thumbnail colibri-post-thumbnail-has-placeholder style-470 style-local-18-c7 h-overflow-hidden position-relative h-element\"><div class=\"h-global-transition-all colibri-post-thumbnail-shortcode style-dynamic-18-c7-height\">            <a href=\"https:\/\/lessourcescitoyennes.fr\/index.php\/2025\/02\/13\/les-sources-citoyennes-en-assemblee-generale\/\" title=\"Les Sources Citoyennes en assembl\u00e9e g\u00e9n\u00e9rale\">\n\t\t\t\t<img loading=\"lazy\" decoding=\"async\" width=\"2000\" height=\"1500\" src=\"https:\/\/lessourcescitoyennes.fr\/wp-content\/uploads\/2025\/02\/9f232ee8-821f-424a-a194-021028a27b8c-1.jpg\" class=\"attachment-post-thumbnail size-post-thumbnail wp-post-image\" alt=\"\" srcset=\"https:\/\/lessourcescitoyennes.fr\/wp-content\/uploads\/2025\/02\/9f232ee8-821f-424a-a194-021028a27b8c-1.jpg 2000w, https:\/\/lessourcescitoyennes.fr\/wp-content\/uploads\/2025\/02\/9f232ee8-821f-424a-a194-021028a27b8c-1-300x225.jpg 300w, https:\/\/lessourcescitoyennes.fr\/wp-content\/uploads\/2025\/02\/9f232ee8-821f-424a-a194-021028a27b8c-1-1024x768.jpg 1024w, https:\/\/lessourcescitoyennes.fr\/wp-content\/uploads\/2025\/02\/9f232ee8-821f-424a-a194-021028a27b8c-1-768x576.jpg 768w, https:\/\/lessourcescitoyennes.fr\/wp-content\/uploads\/2025\/02\/9f232ee8-821f-424a-a194-021028a27b8c-1-1536x1152.jpg 1536w\" sizes=\"auto, (max-width: 2000px) 100vw, 2000px\" \/>            <\/a>\n\t\t\t<\/div> <div class=\"colibri-post-thumbnail-content align-items-lg-center align-items-md-center align-items-center flex-basis-100\"><div class=\"w-100 h-y-container\"> <\/div><\/div><\/div><div data-colibri-id=\"18-c8\" class=\"h-row-container gutters-row-lg-0 gutters-row-md-0 gutters-row-2 gutters-row-v-lg-0 gutters-row-v-md-0 gutters-row-v-0 style-471 style-local-18-c8 position-relative\"><div class=\"h-row justify-content-lg-center justify-content-md-center justify-content-center align-items-lg-stretch align-items-md-stretch align-items-stretch gutters-col-lg-0 gutters-col-md-0 gutters-col-2 gutters-col-v-lg-0 gutters-col-v-md-0 gutters-col-v-0\"> <div class=\"h-column h-column-container d-flex h-col-lg h-col-md h-col-auto style-472-outer style-local-18-c9-outer\"><div data-colibri-id=\"18-c9\" class=\"d-flex h-flex-basis h-column__inner h-px-lg-3 h-px-md-3 h-px-3 v-inner-lg-3 v-inner-md-3 v-inner-3 style-472 style-local-18-c9 position-relative\"> <div class=\"w-100 h-y-container h-column__content h-column__v-align flex-basis-100 align-self-lg-start align-self-md-start align-self-start\"> <div data-colibri-id=\"18-c10\" class=\"h-blog-categories style-473 style-local-18-c10 position-relative h-element\"><div class=\"h-global-transition-all\"><a class=\"d-inline-block colibri-post-category\" href=\"https:\/\/lessourcescitoyennes.fr\/index.php\/category\/assemblee-generale\/\">Assembl\u00e9e G\u00e9n\u00e9rale<\/a><\/div><\/div><div data-colibri-id=\"18-c11\" class=\"h-blog-title style-474 style-local-18-c11 position-relative h-element\"><div class=\"h-global-transition-all\"><a href=\"https:\/\/lessourcescitoyennes.fr\/index.php\/2025\/02\/13\/les-sources-citoyennes-en-assemblee-generale\/\"><h4 class=\"colibri-word-wrap\">Les Sources Citoyennes en assembl\u00e9e g\u00e9n\u00e9rale<\/h4><\/a><\/div><\/div><div data-colibri-id=\"18-c12\" class=\"h-blog-meta style-475 style-local-18-c12 position-relative h-element\"><div class=\"metadata-item\"><span class=\"metadata-prefix\">by<\/span> <a href=\"https:\/\/lessourcescitoyennes.fr\/index.php\/author\/admin3309\/\">admin3309<\/a> <span class=\"meta-separator\"><\/span><\/div><div class=\"metadata-item\"><span class=\"metadata-prefix\">on<\/span> <a href=\"https:\/\/lessourcescitoyennes.fr\/index.php\/2025\/02\/13\/\">F\u00e9v 13<\/a><\/div><\/div><div data-colibri-id=\"18-c13\" class=\"style-476 style-local-18-c13 position-relative h-element\"><div class=\"h-global-transition-all\"><div class=\"colibri-post-excerpt\">Suite \u00e0 une ann\u00e9e riche en activit\u00e9 et engagements, l&rsquo;association consolide sa [&hellip;]<\/div><\/div><\/div><div data-colibri-id=\"18-c14\" class=\"h-x-container style-477 style-local-18-c14 position-relative h-element\"><div class=\"h-x-container-inner style-dynamic-18-c14-group\"><span class=\"h-button__outer style-478-outer style-local-18-c15-outer d-inline-flex h-element\"><a href=\"https:\/\/lessourcescitoyennes.fr\/index.php\/2025\/02\/13\/les-sources-citoyennes-en-assemblee-generale\/\" data-colibri-id=\"18-c15\" class=\"d-flex w-100 align-items-center h-button justify-content-lg-center justify-content-md-center justify-content-center style-478 style-local-18-c15 position-relative\"> <span>Read more<\/span> <span class=\"h-svg-icon h-button__icon style-478-icon style-local-18-c15-icon\"><svg version=\"1.1\" xmlns=\"http:\/\/www.w3.org\/2000\/svg\" xmlns:xlink=\"http:\/\/www.w3.org\/1999\/xlink\" id=\"arrow-right\" viewBox=\"0 0 512 545.5\"><path d=\"M299.5 140.5l136 136 11 11.5-11 11.5-136 136-23-23L385 304H64v-32h321L276.5 163.5z\"><\/path><\/svg><\/span><\/a><\/span><\/div><\/div><\/div><\/div><\/div><\/div><\/div><\/div><\/div><\/div>\n      \n      \n        <div class=\"h-column h-column-container d-flex h-col-lg-4 h-col-md-6 h-col-12 post-1020 post type-post status-publish format-standard has-post-thumbnail hentry category-manifestation masonry-item style-469-outer style-local-18-c6-outer\"><div data-colibri-id=\"18-c6\" class=\"d-flex h-flex-basis h-column__inner h-px-lg-2 h-px-md-2 h-px-2 v-inner-lg-2 v-inner-md-2 v-inner-2 style-469 style-local-18-c6 h-overflow-hidden position-relative\"> <div class=\"w-100 h-y-container h-column__content h-column__v-align flex-basis-100 align-self-lg-start align-self-md-start align-self-start\"> <div data-href=\"https:\/\/lessourcescitoyennes.fr\/index.php\/2025\/02\/03\/un-loto-solidaire-avec-lalpe-val-de-la-masserine\/\" data-colibri-component=\"link\" data-colibri-id=\"18-c7\" class=\"colibri-post-thumbnail colibri-post-has-thumbnail colibri-post-thumbnail-has-placeholder style-470 style-local-18-c7 h-overflow-hidden position-relative h-element\"><div class=\"h-global-transition-all colibri-post-thumbnail-shortcode style-dynamic-18-c7-height\">            <a href=\"https:\/\/lessourcescitoyennes.fr\/index.php\/2025\/02\/03\/un-loto-solidaire-avec-lalpe-val-de-la-masserine\/\" title=\"Un loto solidaire avec l\u2019ALPE Val de la Masserine\">\n\t\t\t\t<img loading=\"lazy\" decoding=\"async\" width=\"2048\" height=\"1365\" src=\"https:\/\/lessourcescitoyennes.fr\/wp-content\/uploads\/2025\/02\/716ce836-c499-4299-85d7-2cc3af916a8d.jpg\" class=\"attachment-post-thumbnail size-post-thumbnail wp-post-image\" alt=\"\" srcset=\"https:\/\/lessourcescitoyennes.fr\/wp-content\/uploads\/2025\/02\/716ce836-c499-4299-85d7-2cc3af916a8d.jpg 2048w, https:\/\/lessourcescitoyennes.fr\/wp-content\/uploads\/2025\/02\/716ce836-c499-4299-85d7-2cc3af916a8d-300x200.jpg 300w, https:\/\/lessourcescitoyennes.fr\/wp-content\/uploads\/2025\/02\/716ce836-c499-4299-85d7-2cc3af916a8d-1024x683.jpg 1024w, https:\/\/lessourcescitoyennes.fr\/wp-content\/uploads\/2025\/02\/716ce836-c499-4299-85d7-2cc3af916a8d-768x512.jpg 768w, https:\/\/lessourcescitoyennes.fr\/wp-content\/uploads\/2025\/02\/716ce836-c499-4299-85d7-2cc3af916a8d-1536x1024.jpg 1536w\" sizes=\"auto, (max-width: 2048px) 100vw, 2048px\" \/>            <\/a>\n\t\t\t<\/div> <div class=\"colibri-post-thumbnail-content align-items-lg-center align-items-md-center align-items-center flex-basis-100\"><div class=\"w-100 h-y-container\"> <\/div><\/div><\/div><div data-colibri-id=\"18-c8\" class=\"h-row-container gutters-row-lg-0 gutters-row-md-0 gutters-row-2 gutters-row-v-lg-0 gutters-row-v-md-0 gutters-row-v-0 style-471 style-local-18-c8 position-relative\"><div class=\"h-row justify-content-lg-center justify-content-md-center justify-content-center align-items-lg-stretch align-items-md-stretch align-items-stretch gutters-col-lg-0 gutters-col-md-0 gutters-col-2 gutters-col-v-lg-0 gutters-col-v-md-0 gutters-col-v-0\"> <div class=\"h-column h-column-container d-flex h-col-lg h-col-md h-col-auto style-472-outer style-local-18-c9-outer\"><div data-colibri-id=\"18-c9\" class=\"d-flex h-flex-basis h-column__inner h-px-lg-3 h-px-md-3 h-px-3 v-inner-lg-3 v-inner-md-3 v-inner-3 style-472 style-local-18-c9 position-relative\"> <div class=\"w-100 h-y-container h-column__content h-column__v-align flex-basis-100 align-self-lg-start align-self-md-start align-self-start\"> <div data-colibri-id=\"18-c10\" class=\"h-blog-categories style-473 style-local-18-c10 position-relative h-element\"><div class=\"h-global-transition-all\"><a class=\"d-inline-block colibri-post-category\" href=\"https:\/\/lessourcescitoyennes.fr\/index.php\/category\/manifestation\/\">Manifestation<\/a><\/div><\/div><div data-colibri-id=\"18-c11\" class=\"h-blog-title style-474 style-local-18-c11 position-relative h-element\"><div class=\"h-global-transition-all\"><a href=\"https:\/\/lessourcescitoyennes.fr\/index.php\/2025\/02\/03\/un-loto-solidaire-avec-lalpe-val-de-la-masserine\/\"><h4 class=\"colibri-word-wrap\">Un loto solidaire avec l\u2019ALPE Val de la Masserine<\/h4><\/a><\/div><\/div><div data-colibri-id=\"18-c12\" class=\"h-blog-meta style-475 style-local-18-c12 position-relative h-element\"><div class=\"metadata-item\"><span class=\"metadata-prefix\">by<\/span> <a href=\"https:\/\/lessourcescitoyennes.fr\/index.php\/author\/admin3309\/\">admin3309<\/a> <span class=\"meta-separator\"><\/span><\/div><div class=\"metadata-item\"><span class=\"metadata-prefix\">on<\/span> <a href=\"https:\/\/lessourcescitoyennes.fr\/index.php\/2025\/02\/03\/\">F\u00e9v 3<\/a><\/div><\/div><div data-colibri-id=\"18-c13\" class=\"style-476 style-local-18-c13 position-relative h-element\"><div class=\"h-global-transition-all\"><div class=\"colibri-post-excerpt\">Ce dimanche 19 janvier, 280 amateurs de loto se sont r\u00e9unis au [&hellip;]<\/div><\/div><\/div><div data-colibri-id=\"18-c14\" class=\"h-x-container style-477 style-local-18-c14 position-relative h-element\"><div class=\"h-x-container-inner style-dynamic-18-c14-group\"><span class=\"h-button__outer style-478-outer style-local-18-c15-outer d-inline-flex h-element\"><a href=\"https:\/\/lessourcescitoyennes.fr\/index.php\/2025\/02\/03\/un-loto-solidaire-avec-lalpe-val-de-la-masserine\/\" data-colibri-id=\"18-c15\" class=\"d-flex w-100 align-items-center h-button justify-content-lg-center justify-content-md-center justify-content-center style-478 style-local-18-c15 position-relative\"> <span>Read more<\/span> <span class=\"h-svg-icon h-button__icon style-478-icon style-local-18-c15-icon\"><svg version=\"1.1\" xmlns=\"http:\/\/www.w3.org\/2000\/svg\" xmlns:xlink=\"http:\/\/www.w3.org\/1999\/xlink\" id=\"arrow-right\" viewBox=\"0 0 512 545.5\"><path d=\"M299.5 140.5l136 136 11 11.5-11 11.5-136 136-23-23L385 304H64v-32h321L276.5 163.5z\"><\/path><\/svg><\/span><\/a><\/span><\/div><\/div><\/div><\/div><\/div><\/div><\/div><\/div><\/div><\/div>\n      \n      \n                    <\/div>\n                <\/div>\n              <\/div>\n            <\/div>\n          <\/div>\n        <\/div>\n      <\/div>\n    <\/div>\n  <\/div>\n<\/div>","protected":false},"excerpt":{"rendered":"<p>Derniers articles Vous souhaitez suivre l&rsquo;activit\u00e9 de l&rsquo;association ? C&rsquo;est ici !<\/p>\n","protected":false},"author":1,"featured_media":0,"parent":0,"menu_order":0,"comment_status":"closed","ping_status":"closed","template":"page-templates\/full-width-page.php","meta":{"footnotes":""},"class_list":["post-18","page","type-page","status-publish","hentry"],"_links":{"self":[{"href":"https:\/\/lessourcescitoyennes.fr\/index.php\/wp-json\/wp\/v2\/pages\/18","targetHints":{"allow":["GET"]}}],"collection":[{"href":"https:\/\/lessourcescitoyennes.fr\/index.php\/wp-json\/wp\/v2\/pages"}],"about":[{"href":"https:\/\/lessourcescitoyennes.fr\/index.php\/wp-json\/wp\/v2\/types\/page"}],"author":[{"embeddable":true,"href":"https:\/\/lessourcescitoyennes.fr\/index.php\/wp-json\/wp\/v2\/users\/1"}],"replies":[{"embeddable":true,"href":"https:\/\/lessourcescitoyennes.fr\/index.php\/wp-json\/wp\/v2\/comments?post=18"}],"version-history":[{"count":5,"href":"https:\/\/lessourcescitoyennes.fr\/index.php\/wp-json\/wp\/v2\/pages\/18\/revisions"}],"predecessor-version":[{"id":365,"href":"https:\/\/lessourcescitoyennes.fr\/index.php\/wp-json\/wp\/v2\/pages\/18\/revisions\/365"}],"wp:attachment":[{"href":"https:\/\/lessourcescitoyennes.fr\/index.php\/wp-json\/wp\/v2\/media?parent=18"}],"curies":[{"name":"wp","href":"https:\/\/api.w.org\/{rel}","templated":true}]}}