{"id":634,"date":"2024-07-02T16:29:11","date_gmt":"2024-07-02T14:29:11","guid":{"rendered":"https:\/\/lessourcescitoyennes.fr\/?page_id=634"},"modified":"2024-07-13T16:30:10","modified_gmt":"2024-07-13T14:30:10","slug":"page-exemple-2","status":"publish","type":"page","link":"https:\/\/lessourcescitoyennes.fr\/index.php\/page-exemple-2\/","title":{"rendered":"Citoyennet\u00e9, participation citoyenne et vie associative"},"content":{"rendered":"\n<p class=\"has-text-align-left\" style=\"font-size:15px\">\u00a0\u00bb Les femmes et les hommes, pourtant individus porteurs d\u2019une singularit\u00e9 qui leur est propre, sont des  \u00eatres sociaux. <strong>L\u2019id\u00e9e de citoyennet\u00e9, c\u2019est-\u00e0-dire le droit de participer aux d\u00e9cisions relatives \u00e0 la  communaut\u00e9 politique<\/strong> (au sens le plus noble du terme -&gt; la vie de la cit\u00e9), est au c\u0153ur de la conception occidentale des <strong>relations entre l\u2019individu et cette soci\u00e9t\u00e9<\/strong> qui lui pr\u00e9existe et qu\u2019il rejoint un jour, par naissance ou par choix. Rares sont les mots charg\u00e9s d\u2019autant d\u2019histoire, de significations, d\u2019autant de valeurs et d\u2019affect que ceux de \u00ab citoyen \u00bb et de \u00ab  citoyennet\u00e9 \u00bb. <em>Extrait de d&rsquo;un rapport de synth\u00e8se du conseil d&rsquo;\u00e9tat \u00a0\u00bb La citoyennet\u00e9 : \u00catre (un) citoyen aujourd\u2019hui.<\/em><\/p>\n\n\n\n<p class=\"has-text-align-left\" style=\"font-size:15px\">C&rsquo;est dans ce contexte que notre association travaille. <strong>\u00catre citoyen, c\u2019est faire preuve de la capacit\u00e9 de s\u2019extraire de ses appartenances, sans les renier, pour d\u00e9cider des affaires d\u2019une communaut\u00e9 plus large<\/strong> ; c\u2019est trouver en soi-m\u00eame un espace de neutralit\u00e9 dans lequel on constitue, avec les autres, un collectif. La construction d\u2019une \u00ab communaut\u00e9 de citoyens \u00bb, selon des principes d\u00e9mocratiques s\u2019incarne autour des trois piliers de la devise de la R\u00e9publique : libert\u00e9, \u00e9galit\u00e9, fraternit\u00e9.<\/p>\n\n\n\n<figure class=\"wp-block-gallery has-nested-images columns-default is-cropped wp-block-gallery-1 is-layout-flex wp-block-gallery-is-layout-flex\">\n<figure class=\"wp-block-image size-large\"><img loading=\"lazy\" decoding=\"async\" width=\"1024\" height=\"760\" data-id=\"724\" src=\"https:\/\/lessourcescitoyennes.fr\/wp-content\/uploads\/2024\/07\/WhatsApp-Image-2024-05-17-at-19.57.11-1024x760-2.jpeg\" alt=\"\" class=\"wp-image-724\" srcset=\"https:\/\/lessourcescitoyennes.fr\/wp-content\/uploads\/2024\/07\/WhatsApp-Image-2024-05-17-at-19.57.11-1024x760-2.jpeg 1024w, https:\/\/lessourcescitoyennes.fr\/wp-content\/uploads\/2024\/07\/WhatsApp-Image-2024-05-17-at-19.57.11-1024x760-2-300x223.jpeg 300w, https:\/\/lessourcescitoyennes.fr\/wp-content\/uploads\/2024\/07\/WhatsApp-Image-2024-05-17-at-19.57.11-1024x760-2-768x570.jpeg 768w\" sizes=\"auto, (max-width: 1024px) 100vw, 1024px\" \/><\/figure>\n<\/figure>\n\n\n\n<div style=\"height:52px\" aria-hidden=\"true\" class=\"wp-block-spacer\"><\/div>\n\n\n\n<h2 class=\"wp-block-heading\">D\u00e9mocratie participative et participation citoyenne<\/h2>\n\n\n\n<div class=\"wp-block-columns is-layout-flex wp-container-core-columns-is-layout-9d6595d7 wp-block-columns-is-layout-flex\">\n<div class=\"wp-block-column is-layout-flow wp-block-column-is-layout-flow\">\n<p style=\"font-size:15px\">Le statut du citoyen est \u00e9branl\u00e9 en particulier par la crise de confiance entre les Fran\u00e7ais et le syst\u00e8me de repr\u00e9sentation politique. Pour autant, les Fran\u00e7ais ne se d\u00e9sint\u00e9ressent pas de la vie politique et appellent de leurs v\u0153ux un syst\u00e8me qui les associerait plus directement et plus fr\u00e9quemment aux d\u00e9cisions locales : voil\u00e0 la place de la d\u00e9mocratie participative, cadre de l&rsquo;action de l&rsquo;association. <\/p>\n\n\n\n<p style=\"font-size:15px\">L&rsquo;association les sources citoyennes <strong>met \u00e0 disposition <\/strong>des habitants de Pulnoy et de ceux qui viennent y travailler ou y s\u00e9journer<strong> les moyens de d\u00e9battre, de concerter et d\u2019exprimer son avis pour peser sur les d\u00e9cisions qui les concernent<\/strong>.<\/p>\n<\/div>\n<\/div>\n\n\n\n<div class=\"wp-block-columns is-layout-flex wp-container-core-columns-is-layout-9d6595d7 wp-block-columns-is-layout-flex\">\n<div class=\"wp-block-column is-layout-flow wp-block-column-is-layout-flow\">\n<figure class=\"wp-block-gallery has-nested-images columns-default is-cropped wp-block-gallery-2 is-layout-flex wp-block-gallery-is-layout-flex\">\n<figure class=\"wp-block-image size-large\"><img loading=\"lazy\" decoding=\"async\" width=\"545\" height=\"349\" data-id=\"735\" src=\"https:\/\/lessourcescitoyennes.fr\/wp-content\/uploads\/2024\/07\/democratie-participative-1.jpg\" alt=\"\" class=\"wp-image-735\" srcset=\"https:\/\/lessourcescitoyennes.fr\/wp-content\/uploads\/2024\/07\/democratie-participative-1.jpg 545w, https:\/\/lessourcescitoyennes.fr\/wp-content\/uploads\/2024\/07\/democratie-participative-1-300x192.jpg 300w\" sizes=\"auto, (max-width: 545px) 100vw, 545px\" \/><\/figure>\n<\/figure>\n<\/div>\n\n\n\n<div class=\"wp-block-column is-layout-flow wp-block-column-is-layout-flow\">\n<figure class=\"wp-block-gallery has-nested-images columns-default is-cropped wp-block-gallery-3 is-layout-flex wp-block-gallery-is-layout-flex\">\n<figure class=\"wp-block-image size-large\"><img loading=\"lazy\" decoding=\"async\" width=\"300\" height=\"225\" data-id=\"736\" src=\"https:\/\/lessourcescitoyennes.fr\/wp-content\/uploads\/2024\/07\/fete-de-la-foret-2.jpg\" alt=\"\" class=\"wp-image-736\"\/><\/figure>\n<\/figure>\n<\/div>\n<\/div>\n\n\n\n<div style=\"height:47px\" aria-hidden=\"true\" class=\"wp-block-spacer\"><\/div>\n\n\n\n<h2 class=\"wp-block-heading\">Vie associative<\/h2>\n\n\n\n<p style=\"font-size:15px\">La vie associative occupe en France une place consid\u00e9rable : 19 millions de b\u00e9n\u00e9voles animent 1 300 000 associations intervenant dans tous les secteurs de la vie sociale, culturelle et \u00e9conomique du pays. Avec environ 30 000 associations de plus chaque ann\u00e9e, la vie associative fait preuve d&rsquo;un grand dynamisme. Si la tr\u00e8s grande majorit\u00e9 des associations ne fonctionne qu&rsquo;avec des b\u00e9n\u00e9voles, elles emploient quasiment 1,6 millions de salari\u00e9s et repr\u00e9sentent environ 3,3 % du produit int\u00e9rieur brut (PIB) fran\u00e7ais.<\/p>\n\n\n\n<p style=\"font-size:15px\">La vie associative Puln\u00e9enne ne d\u00e9roge pas \u00e0 ces donn\u00e9es nationales. Ce ne sont pas moins de 46 associations qui y sont r\u00e9f\u00e9renc\u00e9es par la commune dans 4 secteurs r\u00e9f\u00e9renc\u00e9s : humanitaire, culture et loisirs, sportif et \u00ab\u00a0service\u00a0\u00bb, <a href=\"https:\/\/www.pulnoy.fr\/wp-content\/uploads\/2017\/01\/Guide_AS_2023-2024_@.pdf\">lien ici<\/a> . <strong>Comment d\u00e9velopper cette richesse, cr\u00e9er des synergies, faire profiter des comp\u00e9tences ou vivier de b\u00e9n\u00e9voles certaines d&rsquo;entre elles quand elles ont en ont le besoin ?<\/strong> Des \u00e9changes, des pistes de solutions naissent des ateliers men\u00e9s activement.<\/p>\n\n\n\n<figure class=\"wp-block-gallery has-nested-images columns-default is-cropped wp-block-gallery-4 is-layout-flex wp-block-gallery-is-layout-flex\">\n<figure class=\"wp-block-image size-large\"><img loading=\"lazy\" decoding=\"async\" width=\"800\" height=\"462\" data-id=\"720\" src=\"https:\/\/lessourcescitoyennes.fr\/wp-content\/uploads\/2024\/07\/assos-sportives.jpeg\" alt=\"\" class=\"wp-image-720\" srcset=\"https:\/\/lessourcescitoyennes.fr\/wp-content\/uploads\/2024\/07\/assos-sportives.jpeg 800w, https:\/\/lessourcescitoyennes.fr\/wp-content\/uploads\/2024\/07\/assos-sportives-300x173.jpeg 300w, https:\/\/lessourcescitoyennes.fr\/wp-content\/uploads\/2024\/07\/assos-sportives-768x444.jpeg 768w\" sizes=\"auto, (max-width: 800px) 100vw, 800px\" \/><figcaption class=\"wp-element-caption\"><strong>Les associations sportives repr\u00e9sentent 24% du total des associations en France<\/strong><\/figcaption><\/figure>\n<\/figure>\n","protected":false},"excerpt":{"rendered":"<p>\u00a0\u00bb Les femmes et les hommes, pourtant individus porteurs d\u2019une singularit\u00e9 qui leur est propre, sont des \u00eatres sociaux. L\u2019id\u00e9e de citoyennet\u00e9, c\u2019est-\u00e0-dire le droit de participer aux d\u00e9cisions relatives \u00e0 la communaut\u00e9 politique (au sens le plus noble du terme -&gt; la vie de la cit\u00e9), est au c\u0153ur de la conception occidentale des [&hellip;]<\/p>\n","protected":false},"author":1,"featured_media":542,"parent":0,"menu_order":0,"comment_status":"closed","ping_status":"closed","template":"","meta":{"footnotes":""},"class_list":["post-634","page","type-page","status-publish","has-post-thumbnail","hentry"],"_links":{"self":[{"href":"https:\/\/lessourcescitoyennes.fr\/index.php\/wp-json\/wp\/v2\/pages\/634","targetHints":{"allow":["GET"]}}],"collection":[{"href":"https:\/\/lessourcescitoyennes.fr\/index.php\/wp-json\/wp\/v2\/pages"}],"about":[{"href":"https:\/\/lessourcescitoyennes.fr\/index.php\/wp-json\/wp\/v2\/types\/page"}],"author":[{"embeddable":true,"href":"https:\/\/lessourcescitoyennes.fr\/index.php\/wp-json\/wp\/v2\/users\/1"}],"replies":[{"embeddable":true,"href":"https:\/\/lessourcescitoyennes.fr\/index.php\/wp-json\/wp\/v2\/comments?post=634"}],"version-history":[{"count":11,"href":"https:\/\/lessourcescitoyennes.fr\/index.php\/wp-json\/wp\/v2\/pages\/634\/revisions"}],"predecessor-version":[{"id":964,"href":"https:\/\/lessourcescitoyennes.fr\/index.php\/wp-json\/wp\/v2\/pages\/634\/revisions\/964"}],"wp:featuredmedia":[{"embeddable":true,"href":"https:\/\/lessourcescitoyennes.fr\/index.php\/wp-json\/wp\/v2\/media\/542"}],"wp:attachment":[{"href":"https:\/\/lessourcescitoyennes.fr\/index.php\/wp-json\/wp\/v2\/media?parent=634"}],"curies":[{"name":"wp","href":"https:\/\/api.w.org\/{rel}","templated":true}]}}