{"id":637,"date":"2024-07-02T16:29:30","date_gmt":"2024-07-02T14:29:30","guid":{"rendered":"https:\/\/lessourcescitoyennes.fr\/?page_id=637"},"modified":"2024-07-13T16:28:05","modified_gmt":"2024-07-13T14:28:05","slug":"page-exemple-3","status":"publish","type":"page","link":"https:\/\/lessourcescitoyennes.fr\/index.php\/page-exemple-3\/","title":{"rendered":"Lien social, jeunesse, familles, culture et loisirs"},"content":{"rendered":"\n<h2 class=\"wp-block-heading\">Culture et loisirs<\/h2>\n\n\n\n<p style=\"font-size:15px\">Les trois dimensions du \u00ab\u00a0<strong>bien-vivre territorial<\/strong>\u00a0\u00bb (rapports \u00e0 soi, aux autres, aux lieux et aux temps) placent <strong>la culture <em>au c\u0153ur<\/em> et non <em>en marge<\/em> d\u2019une vie urbaine hospitali\u00e8re et apais\u00e9e<\/strong> : le rapport \u00e0 soi, et donc la possibilit\u00e9 d\u2019une trajectoire individuelle enrichie par la vie culturelle&nbsp;; le rapport aux autres, et donc la possibilit\u00e9 d\u2019exp\u00e9riences culturelles et de projets collectifs, ancr\u00e9s, festifs, engag\u00e9s&nbsp;; et le rapport aux lieux de vie qui, par l\u2019art et la culture, peut \u00eatre source d\u2019interactions, d\u2019attachement, voire de vitalit\u00e9 d\u00e9mocratique (d\u00e9bats contradictoires, projets citoyens, etc.). C&rsquo;est pourquoi dans nos villes des ambitions culturelles fortes peuvent-elles \u00eatre \u00e0 la hauteur des espoirs d\u2019une belle \u00e9chapp\u00e9e r\u00e9invitant convivialit\u00e9, imagination et esprit critique dans nos quotidiens.<\/p>\n\n\n\n<div class=\"wp-block-columns is-layout-flex wp-container-core-columns-is-layout-9d6595d7 wp-block-columns-is-layout-flex\">\n<div class=\"wp-block-column is-layout-flow wp-block-column-is-layout-flow\">\n<figure class=\"wp-block-gallery has-nested-images columns-default is-cropped wp-block-gallery-1 is-layout-flex wp-block-gallery-is-layout-flex\">\n<figure class=\"wp-block-image size-large\"><img loading=\"lazy\" decoding=\"async\" width=\"600\" height=\"328\" data-id=\"753\" src=\"https:\/\/lessourcescitoyennes.fr\/wp-content\/uploads\/2024\/07\/culture-et-les-francais-etude.jpg\" alt=\"\" class=\"wp-image-753\" srcset=\"https:\/\/lessourcescitoyennes.fr\/wp-content\/uploads\/2024\/07\/culture-et-les-francais-etude.jpg 600w, https:\/\/lessourcescitoyennes.fr\/wp-content\/uploads\/2024\/07\/culture-et-les-francais-etude-300x164.jpg 300w\" sizes=\"auto, (max-width: 600px) 100vw, 600px\" \/><\/figure>\n<\/figure>\n<\/div>\n\n\n\n<div class=\"wp-block-column is-layout-flow wp-block-column-is-layout-flow\">\n<figure class=\"wp-block-gallery has-nested-images columns-default is-cropped wp-block-gallery-2 is-layout-flex wp-block-gallery-is-layout-flex\">\n<figure class=\"wp-block-image size-large\"><img loading=\"lazy\" decoding=\"async\" width=\"870\" height=\"489\" data-id=\"754\" src=\"https:\/\/lessourcescitoyennes.fr\/wp-content\/uploads\/2024\/07\/culturel.jpg\" alt=\"\" class=\"wp-image-754\" srcset=\"https:\/\/lessourcescitoyennes.fr\/wp-content\/uploads\/2024\/07\/culturel.jpg 870w, https:\/\/lessourcescitoyennes.fr\/wp-content\/uploads\/2024\/07\/culturel-300x169.jpg 300w, https:\/\/lessourcescitoyennes.fr\/wp-content\/uploads\/2024\/07\/culturel-768x432.jpg 768w\" sizes=\"auto, (max-width: 870px) 100vw, 870px\" \/><\/figure>\n<\/figure>\n<\/div>\n<\/div>\n\n\n\n<div style=\"height:45px\" aria-hidden=\"true\" class=\"wp-block-spacer\"><\/div>\n\n\n\n<h2 class=\"wp-block-heading\">Lien social<\/h2>\n\n\n\n<p style=\"font-size:15px\">Renforcer<strong> le lien social <\/strong>dans une commune vise \u00e0 <strong>cr\u00e9er une communaut\u00e9 solidaire, inclusive et r\u00e9siliente<\/strong>. Cela <strong>permet de r\u00e9duire l&rsquo;isolement, de soutenir les individus et les familles, et de promouvoir une sorte d&rsquo;engagement citoyen<\/strong>. Le d\u00e9veloppement et le renforcement du lien social en ville passent par diff\u00e9rentes actions telles que le fait de cr\u00e9er des moments de partage entre les citadins, mais aussi de leur donner l\u2019opportunit\u00e9 de s\u2019investir dans des projets communs. Des gestes simples permettent de modifier les comportements des citadins dans l\u2019espace urbain comme le fait d\u2019installer des chaises dans les places, parcs, berges, publics. Cela transforme un simple lieu de passage en lieu de rencontre pour discuter, manger et faire des activit\u00e9s.<\/p>\n\n\n\n<div class=\"wp-block-columns is-layout-flex wp-container-core-columns-is-layout-9d6595d7 wp-block-columns-is-layout-flex\">\n<div class=\"wp-block-column is-layout-flow wp-block-column-is-layout-flow\">\n<figure class=\"wp-block-gallery has-nested-images columns-default is-cropped wp-block-gallery-3 is-layout-flex wp-block-gallery-is-layout-flex\">\n<figure class=\"wp-block-image size-large\"><img loading=\"lazy\" decoding=\"async\" width=\"1024\" height=\"684\" data-id=\"755\" src=\"https:\/\/lessourcescitoyennes.fr\/wp-content\/uploads\/2024\/07\/jardin-collectif-aux-pieds-des-immeubles-scaled-1-1024x684.jpg\" alt=\"\" class=\"wp-image-755\" srcset=\"https:\/\/lessourcescitoyennes.fr\/wp-content\/uploads\/2024\/07\/jardin-collectif-aux-pieds-des-immeubles-scaled-1-1024x684.jpg 1024w, https:\/\/lessourcescitoyennes.fr\/wp-content\/uploads\/2024\/07\/jardin-collectif-aux-pieds-des-immeubles-scaled-1-300x200.jpg 300w, https:\/\/lessourcescitoyennes.fr\/wp-content\/uploads\/2024\/07\/jardin-collectif-aux-pieds-des-immeubles-scaled-1-768x513.jpg 768w, https:\/\/lessourcescitoyennes.fr\/wp-content\/uploads\/2024\/07\/jardin-collectif-aux-pieds-des-immeubles-scaled-1-1536x1025.jpg 1536w, https:\/\/lessourcescitoyennes.fr\/wp-content\/uploads\/2024\/07\/jardin-collectif-aux-pieds-des-immeubles-scaled-1-2048x1367.jpg 2048w\" sizes=\"auto, (max-width: 1024px) 100vw, 1024px\" \/><figcaption class=\"wp-element-caption\"><strong>Jardins partag\u00e9s &#8211; lieu de lien social<\/strong><\/figcaption><\/figure>\n<\/figure>\n<\/div>\n\n\n\n<div class=\"wp-block-column is-layout-flow wp-block-column-is-layout-flow\">\n<figure class=\"wp-block-gallery has-nested-images columns-default is-cropped wp-block-gallery-4 is-layout-flex wp-block-gallery-is-layout-flex\">\n<figure class=\"wp-block-image size-large\"><img loading=\"lazy\" decoding=\"async\" width=\"600\" height=\"300\" data-id=\"756\" src=\"https:\/\/lessourcescitoyennes.fr\/wp-content\/uploads\/2024\/07\/habitat-partage.jpg\" alt=\"\" class=\"wp-image-756\" srcset=\"https:\/\/lessourcescitoyennes.fr\/wp-content\/uploads\/2024\/07\/habitat-partage.jpg 600w, https:\/\/lessourcescitoyennes.fr\/wp-content\/uploads\/2024\/07\/habitat-partage-300x150.jpg 300w\" sizes=\"auto, (max-width: 600px) 100vw, 600px\" \/><figcaption class=\"wp-element-caption\"><strong>Habitat partag\u00e9 &#8211; lieu de lien social<\/strong><\/figcaption><\/figure>\n<\/figure>\n<\/div>\n<\/div>\n\n\n\n<h2 class=\"wp-block-heading\">Familles, jeunesse, \u00e9ducation<\/h2>\n\n\n\n<div class=\"wp-block-columns is-layout-flex wp-container-core-columns-is-layout-9d6595d7 wp-block-columns-is-layout-flex\">\n<div class=\"wp-block-column is-layout-flow wp-block-column-is-layout-flow\">\n<p style=\"font-size:15px\">Vous souvenez-vous de l\u2019\u00e2ge auquel vous \u00eates sorti seul dans la rue pour la premi\u00e8re fois&nbsp;? Si vous \u00eates parent, il y a de fortes chances que ce grand moment d\u2019autonomie soit survenu bien plus t\u00f4t que pour vos propres enfants. Les enfants seuls ont quasiment disparu des villes. Il suffit d\u2019un chiffre pour donner la mesure du ph\u00e9nom\u00e8ne&nbsp;: en France, dans les agglom\u00e9rations de plus de 100&nbsp;000&nbsp;habitants, 97&nbsp;% des \u00e9l\u00e8ves d\u2019\u00e9l\u00e9mentaire sont accompagn\u00e9s pour se rendre \u00e0 l\u2019\u00e9cole, 77&nbsp;% de ceux du coll\u00e8ge, selon <a href=\"http:\/\/harris-interactive.fr\/wp-content\/uploads\/sites\/6\/2020\/09\/Rapport-HI-pour-UNICEF_Sondage-aupres-des-parents-d-eleve-sur-la-pollution-autour-des-ecoles.pdf\" target=\"_blank\" rel=\"noreferrer noopener\">un sondage Harris interactive pour l&rsquo;Unicef<\/a> r\u00e9alis\u00e9 en&nbsp;2020.<\/p>\n\n\n\n<p style=\"font-size:15px\">Ce chiffre doit faire r\u00e9fl\u00e9chir toutes les communes sur leurs actions en faveur de la jeunesse et des familles. Les jeunes et les familles doivent \u00eatre au c\u0153ur de nos pr\u00e9occupations , avec des services et des solutions d&rsquo;avenir bas\u00e9s sur leurs besoins, leurs observations et leurs propositions. C&rsquo;est pourquoi l&rsquo;association Les Sources Citoyennes organise des ateliers cr\u00e9atifs de r\u00e9flexion, afin de co-construire des services et des projets r\u00e9pondant \u00e0 leurs attentes.<\/p>\n<\/div>\n\n\n\n<div class=\"wp-block-column is-layout-flow wp-block-column-is-layout-flow\">\n<figure class=\"wp-block-gallery has-nested-images columns-default is-cropped wp-block-gallery-5 is-layout-flex wp-block-gallery-is-layout-flex\">\n<figure class=\"wp-block-image size-large\"><img loading=\"lazy\" decoding=\"async\" width=\"612\" height=\"403\" data-id=\"761\" src=\"https:\/\/lessourcescitoyennes.fr\/wp-content\/uploads\/2024\/07\/famille-photo-1.jpg\" alt=\"\" class=\"wp-image-761\" srcset=\"https:\/\/lessourcescitoyennes.fr\/wp-content\/uploads\/2024\/07\/famille-photo-1.jpg 612w, https:\/\/lessourcescitoyennes.fr\/wp-content\/uploads\/2024\/07\/famille-photo-1-300x198.jpg 300w\" sizes=\"auto, (max-width: 612px) 100vw, 612px\" \/><\/figure>\n<\/figure>\n<\/div>\n<\/div>\n\n\n\n<div class=\"wp-block-columns is-layout-flex wp-container-core-columns-is-layout-9d6595d7 wp-block-columns-is-layout-flex\">\n<div class=\"wp-block-column is-layout-flow wp-block-column-is-layout-flow\">\n<figure class=\"wp-block-gallery has-nested-images columns-default is-cropped wp-block-gallery-6 is-layout-flex wp-block-gallery-is-layout-flex\">\n<figure class=\"wp-block-image size-large\"><img loading=\"lazy\" decoding=\"async\" width=\"1024\" height=\"576\" data-id=\"767\" src=\"https:\/\/lessourcescitoyennes.fr\/wp-content\/uploads\/2024\/07\/pumptrack-enfants-1-1024x576.jpg\" alt=\"\" class=\"wp-image-767\" srcset=\"https:\/\/lessourcescitoyennes.fr\/wp-content\/uploads\/2024\/07\/pumptrack-enfants-1-1024x576.jpg 1024w, https:\/\/lessourcescitoyennes.fr\/wp-content\/uploads\/2024\/07\/pumptrack-enfants-1-300x169.jpg 300w, https:\/\/lessourcescitoyennes.fr\/wp-content\/uploads\/2024\/07\/pumptrack-enfants-1-768x432.jpg 768w, https:\/\/lessourcescitoyennes.fr\/wp-content\/uploads\/2024\/07\/pumptrack-enfants-1-1536x864.jpg 1536w, https:\/\/lessourcescitoyennes.fr\/wp-content\/uploads\/2024\/07\/pumptrack-enfants-1.jpg 1600w\" sizes=\"auto, (max-width: 1024px) 100vw, 1024px\" \/><figcaption class=\"wp-element-caption\"><strong>Pump track &#8211; nouvel espace pl\u00e9biscit\u00e9 par les collectivit\u00e9 et la jeunesse<\/strong><\/figcaption><\/figure>\n<\/figure>\n<\/div>\n\n\n\n<div class=\"wp-block-column is-layout-flow wp-block-column-is-layout-flow\">\n<figure class=\"wp-block-gallery has-nested-images columns-default is-cropped wp-block-gallery-7 is-layout-flex wp-block-gallery-is-layout-flex\">\n<figure class=\"wp-block-image size-large\"><img loading=\"lazy\" decoding=\"async\" width=\"1024\" height=\"373\" data-id=\"769\" src=\"https:\/\/lessourcescitoyennes.fr\/wp-content\/uploads\/2024\/07\/City-Stade-a-Maillezais-3-1-1024x373.jpg\" alt=\"\" class=\"wp-image-769\" srcset=\"https:\/\/lessourcescitoyennes.fr\/wp-content\/uploads\/2024\/07\/City-Stade-a-Maillezais-3-1-1024x373.jpg 1024w, https:\/\/lessourcescitoyennes.fr\/wp-content\/uploads\/2024\/07\/City-Stade-a-Maillezais-3-1-300x109.jpg 300w, https:\/\/lessourcescitoyennes.fr\/wp-content\/uploads\/2024\/07\/City-Stade-a-Maillezais-3-1-768x280.jpg 768w, https:\/\/lessourcescitoyennes.fr\/wp-content\/uploads\/2024\/07\/City-Stade-a-Maillezais-3-1-1536x560.jpg 1536w, https:\/\/lessourcescitoyennes.fr\/wp-content\/uploads\/2024\/07\/City-Stade-a-Maillezais-3-1.jpg 1600w\" sizes=\"auto, (max-width: 1024px) 100vw, 1024px\" \/><figcaption class=\"wp-element-caption\"><strong>Aire de jeux pour les enfants<\/strong><\/figcaption><\/figure>\n<\/figure>\n<\/div>\n<\/div>\n\n\n\n<figure class=\"wp-block-gallery has-nested-images columns-default is-cropped wp-block-gallery-8 is-layout-flex wp-block-gallery-is-layout-flex\"><div class=\"wp-block-image\">\n<figure class=\"aligncenter size-large\"><img loading=\"lazy\" decoding=\"async\" width=\"1024\" height=\"666\" data-id=\"765\" src=\"https:\/\/lessourcescitoyennes.fr\/wp-content\/uploads\/2024\/07\/vivre-en-famille-1-1024x666.jpg\" alt=\"\" class=\"wp-image-765\" srcset=\"https:\/\/lessourcescitoyennes.fr\/wp-content\/uploads\/2024\/07\/vivre-en-famille-1-1024x666.jpg 1024w, https:\/\/lessourcescitoyennes.fr\/wp-content\/uploads\/2024\/07\/vivre-en-famille-1-300x195.jpg 300w, https:\/\/lessourcescitoyennes.fr\/wp-content\/uploads\/2024\/07\/vivre-en-famille-1-768x500.jpg 768w, https:\/\/lessourcescitoyennes.fr\/wp-content\/uploads\/2024\/07\/vivre-en-famille-1.jpg 1276w\" sizes=\"auto, (max-width: 1024px) 100vw, 1024px\" \/><\/figure>\n<\/div><\/figure>\n","protected":false},"excerpt":{"rendered":"<p>Culture et loisirs Les trois dimensions du \u00ab\u00a0bien-vivre territorial\u00a0\u00bb (rapports \u00e0 soi, aux autres, aux lieux et aux temps) placent la culture au c\u0153ur et non en marge d\u2019une vie urbaine hospitali\u00e8re et apais\u00e9e : le rapport \u00e0 soi, et donc la possibilit\u00e9 d\u2019une trajectoire individuelle enrichie par la vie culturelle&nbsp;; le rapport aux autres, [&hellip;]<\/p>\n","protected":false},"author":1,"featured_media":0,"parent":0,"menu_order":0,"comment_status":"closed","ping_status":"closed","template":"","meta":{"footnotes":""},"class_list":["post-637","page","type-page","status-publish","hentry"],"_links":{"self":[{"href":"https:\/\/lessourcescitoyennes.fr\/index.php\/wp-json\/wp\/v2\/pages\/637","targetHints":{"allow":["GET"]}}],"collection":[{"href":"https:\/\/lessourcescitoyennes.fr\/index.php\/wp-json\/wp\/v2\/pages"}],"about":[{"href":"https:\/\/lessourcescitoyennes.fr\/index.php\/wp-json\/wp\/v2\/types\/page"}],"author":[{"embeddable":true,"href":"https:\/\/lessourcescitoyennes.fr\/index.php\/wp-json\/wp\/v2\/users\/1"}],"replies":[{"embeddable":true,"href":"https:\/\/lessourcescitoyennes.fr\/index.php\/wp-json\/wp\/v2\/comments?post=637"}],"version-history":[{"count":18,"href":"https:\/\/lessourcescitoyennes.fr\/index.php\/wp-json\/wp\/v2\/pages\/637\/revisions"}],"predecessor-version":[{"id":962,"href":"https:\/\/lessourcescitoyennes.fr\/index.php\/wp-json\/wp\/v2\/pages\/637\/revisions\/962"}],"wp:attachment":[{"href":"https:\/\/lessourcescitoyennes.fr\/index.php\/wp-json\/wp\/v2\/media?parent=637"}],"curies":[{"name":"wp","href":"https:\/\/api.w.org\/{rel}","templated":true}]}}