{"id":660,"date":"2024-07-02T16:30:56","date_gmt":"2024-07-02T14:30:56","guid":{"rendered":"https:\/\/lessourcescitoyennes.fr\/?page_id=660"},"modified":"2024-07-05T12:11:14","modified_gmt":"2024-07-05T10:11:14","slug":"page-exemple-4","status":"publish","type":"page","link":"https:\/\/lessourcescitoyennes.fr\/index.php\/page-exemple-4\/","title":{"rendered":"Urbanisme, am\u00e9nagements, mobilit\u00e9s et transition \u00e9cologique"},"content":{"rendered":"\n<h2 class=\"wp-block-heading\">Urbanisme et am\u00e9nagements<\/h2>\n\n\n\n<div class=\"wp-block-columns is-layout-flex wp-container-core-columns-is-layout-9d6595d7 wp-block-columns-is-layout-flex\">\n<div class=\"wp-block-column is-layout-flow wp-block-column-is-layout-flow\">\n<p>Face au r\u00e9chauffement climatique, il devient prioritaire de repenser les projets d\u2019urbanisme, les d\u00e9placements, la place de la nature en ville et les consommations d\u2019\u00e9nergie. Objectif : am\u00e9liorer le bien-\u00eatre de chacun dans un environnement apais\u00e9, une ville \u00ab des courts chemins \u00bb, o\u00f9 l\u2019on peut facilement se d\u00e9placer \u00e0 pied ou \u00e0 v\u00e9lo.<\/p>\n\n\n\n<p>Plus de la moiti\u00e9 de la population mondiale vit en ville, c&rsquo;est 80% en France ! <em><a href=\"https:\/\/www.observationsociete.fr\/territoires\/lieu-de-vie_terri\/la-part-de-la-population-vivant-en-ville-plafonne\/\" data-type=\"link\" data-id=\"https:\/\/www.observationsociete.fr\/territoires\/lieu-de-vie_terri\/la-part-de-la-population-vivant-en-ville-plafonne\/\">voir lien du centre d&rsquo;observation de la soci\u00e9t\u00e9<\/a><\/em>. Les villes, lieux de vie, d\u2019\u00e9changes et de consommations sont des assemblages complexes qui r\u00e9pondent \u00e0 de multiples fonctionnalit\u00e9s et qui doivent faire <strong>face aux nouveaux enjeux<\/strong> sociaux, climatiques, \u00e9nerg\u00e9tiques, \u00e9conomiques et environnementaux ou d\u00e9mographiques. <strong>Il faut donc am\u00e9nager des villes selon des imp\u00e9ratifs \u00e0 la fois \u00e9cologiques, sociaux, \u00e9conomiques et techniques.<\/strong><\/p>\n\n\n\n<p>Les pays scandinaves nous devancent largement en mati\u00e8re environnementale : En 2014, Copenhague est devenue la capitale verte d\u2019Europe. Cette \u00ab\u00a0<a href=\"https:\/\/smart-city.cerema.fr\/territoire-intelligent\/definition-smart-city\" data-type=\"link\" data-id=\"https:\/\/smart-city.cerema.fr\/territoire-intelligent\/definition-smart-city\" target=\"_blank\" rel=\"noreferrer noopener\"><em> smart city <\/em><\/a>\u00a0\u00bb a entam\u00e9 une politique de d\u00e9veloppement durable qui s\u2019appuie sur la technologie, avec la mise en place de poubelles connect\u00e9es. <\/p>\n<\/div>\n\n\n\n<div class=\"wp-block-column is-layout-flow wp-block-column-is-layout-flow\">\n<figure class=\"wp-block-gallery has-nested-images columns-default is-cropped wp-block-gallery-1 is-layout-flex wp-block-gallery-is-layout-flex\">\n<figure class=\"wp-block-image size-large\"><img loading=\"lazy\" decoding=\"async\" width=\"696\" height=\"348\" data-id=\"840\" src=\"https:\/\/lessourcescitoyennes.fr\/wp-content\/uploads\/2024\/07\/mur-vegetal-a-paris.jpg\" alt=\"\" class=\"wp-image-840\" srcset=\"https:\/\/lessourcescitoyennes.fr\/wp-content\/uploads\/2024\/07\/mur-vegetal-a-paris.jpg 696w, https:\/\/lessourcescitoyennes.fr\/wp-content\/uploads\/2024\/07\/mur-vegetal-a-paris-300x150.jpg 300w\" sizes=\"auto, (max-width: 696px) 100vw, 696px\" \/><figcaption class=\"wp-element-caption\"><strong>Mur v\u00e9g\u00e9tal &#8211; Paris<\/strong><\/figcaption><\/figure>\n<\/figure>\n<\/div>\n<\/div>\n\n\n\n<div style=\"height:26px\" aria-hidden=\"true\" class=\"wp-block-spacer\"><\/div>\n\n\n\n<h2 class=\"wp-block-heading has-medium-font-size\">L&rsquo;urbanisme durable<\/h2>\n\n\n\n<p>C&rsquo;est une nouvelle mani\u00e8re d\u2019envisager les espaces urbains. Plusieurs imp\u00e9ratifs doivent \u00eatre concili\u00e9s :\u00a0\u00a0<\/p>\n\n\n\n<ul class=\"wp-block-list\">\n<li><strong>\u00c9cologique<\/strong>. Il s\u2019agit de concevoir le rapport entre la ville et la nature.<\/li>\n\n\n\n<li><strong>Social<\/strong>. Cet aspect de l\u2019urbanisme va de pair avec l\u2019imp\u00e9ratif \u00e9cologique. L&rsquo;Urbanisme durable est  synonyme de bien-\u00eatre, d\u2019\u00e9quit\u00e9 et de coh\u00e9sion sociale<\/li>\n\n\n\n<li><strong>Technique<\/strong>. Dans une optique de bien-\u00eatre, ce mod\u00e8le accentue la qualit\u00e9 de vie dans les villes, via une r\u00e9organisation optimale de l\u2019espace.&nbsp;&nbsp;<\/li>\n\n\n\n<li><strong>\u00c9conomique<\/strong>. Red\u00e9finir l\u2019espace urbain doit s\u2019effectuer en consid\u00e9rant le d\u00e9veloppement \u00e9conomique et non pas \u00e0 contre-courant de celui-ci.&nbsp;<\/li>\n<\/ul>\n\n\n\n<p>Ainsi, il s\u2019agit de concilier l\u2019ensemble de ces \u00e9l\u00e9ments pour permettre <strong>une meilleure conception de l\u2019am\u00e9nagement urbain<\/strong>. Par extension, l\u2019urbanisme durable est l\u2019invention de nouveaux modes de vie, de nouvelles fa\u00e7ons d\u2019habiter, de se d\u00e9placer, de consommer. Ce mod\u00e8le r\u00e9pond en tout point aux crit\u00e8res de <a href=\"https:\/\/geoconfluences.ens-lyon.fr\/glossaire\/developpement-durable\" data-type=\"link\" data-id=\"https:\/\/geoconfluences.ens-lyon.fr\/glossaire\/developpement-durable\" target=\"_blank\" rel=\"noreferrer noopener\">d\u00e9veloppement durable<\/a>. Il est au c\u0153ur d&rsquo;un projet \u00e9tudi\u00e9 par l&rsquo;association : <strong>les sources du Gr\u00e9millon concourant \u00e0 un \u00e9coquartier. Contactez-nous pour en apprendre plus.<\/strong><\/p>\n\n\n\n<div class=\"wp-block-columns is-layout-flex wp-container-core-columns-is-layout-9d6595d7 wp-block-columns-is-layout-flex\">\n<div class=\"wp-block-column is-layout-flow wp-block-column-is-layout-flow\">\n<figure class=\"wp-block-gallery has-nested-images columns-default is-cropped wp-block-gallery-2 is-layout-flex wp-block-gallery-is-layout-flex\">\n<figure class=\"wp-block-image size-large\"><img loading=\"lazy\" decoding=\"async\" width=\"480\" height=\"318\" data-id=\"846\" src=\"https:\/\/lessourcescitoyennes.fr\/wp-content\/uploads\/2024\/07\/urba-de-demain.jpg\" alt=\"\" class=\"wp-image-846\" srcset=\"https:\/\/lessourcescitoyennes.fr\/wp-content\/uploads\/2024\/07\/urba-de-demain.jpg 480w, https:\/\/lessourcescitoyennes.fr\/wp-content\/uploads\/2024\/07\/urba-de-demain-300x199.jpg 300w\" sizes=\"auto, (max-width: 480px) 100vw, 480px\" \/><figcaption class=\"wp-element-caption\"><strong>Am\u00e9nagements &#8211; innovations<\/strong><\/figcaption><\/figure>\n<\/figure>\n<\/div>\n\n\n\n<div class=\"wp-block-column is-layout-flow wp-block-column-is-layout-flow\">\n<figure class=\"wp-block-gallery has-nested-images columns-default is-cropped wp-block-gallery-3 is-layout-flex wp-block-gallery-is-layout-flex\">\n<figure class=\"wp-block-image size-large\"><img loading=\"lazy\" decoding=\"async\" width=\"1024\" height=\"682\" data-id=\"847\" src=\"https:\/\/lessourcescitoyennes.fr\/wp-content\/uploads\/2024\/07\/urba-de-demain-b.jpeg\" alt=\"\" class=\"wp-image-847\" srcset=\"https:\/\/lessourcescitoyennes.fr\/wp-content\/uploads\/2024\/07\/urba-de-demain-b.jpeg 1024w, https:\/\/lessourcescitoyennes.fr\/wp-content\/uploads\/2024\/07\/urba-de-demain-b-300x200.jpeg 300w, https:\/\/lessourcescitoyennes.fr\/wp-content\/uploads\/2024\/07\/urba-de-demain-b-768x512.jpeg 768w\" sizes=\"auto, (max-width: 1024px) 100vw, 1024px\" \/><figcaption class=\"wp-element-caption\"><strong>Am\u00e9nagement des friches industrielles<\/strong><\/figcaption><\/figure>\n<\/figure>\n<\/div>\n\n\n\n<div class=\"wp-block-column is-layout-flow wp-block-column-is-layout-flow\">\n<figure class=\"wp-block-gallery has-nested-images columns-default is-cropped wp-block-gallery-4 is-layout-flex wp-block-gallery-is-layout-flex\">\n<figure class=\"wp-block-image size-large\"><img loading=\"lazy\" decoding=\"async\" width=\"600\" height=\"400\" data-id=\"848\" src=\"https:\/\/lessourcescitoyennes.fr\/wp-content\/uploads\/2024\/07\/urbanisme-transitoire-amenagement-metropole-lyon-cite-des-halles.jpg\" alt=\"\" class=\"wp-image-848\" srcset=\"https:\/\/lessourcescitoyennes.fr\/wp-content\/uploads\/2024\/07\/urbanisme-transitoire-amenagement-metropole-lyon-cite-des-halles.jpg 600w, https:\/\/lessourcescitoyennes.fr\/wp-content\/uploads\/2024\/07\/urbanisme-transitoire-amenagement-metropole-lyon-cite-des-halles-300x200.jpg 300w\" sizes=\"auto, (max-width: 600px) 100vw, 600px\" \/><figcaption class=\"wp-element-caption\"><strong>Cit\u00e9e des halles &#8211; Lyon<\/strong><\/figcaption><\/figure>\n<\/figure>\n<\/div>\n<\/div>\n\n\n\n<div style=\"height:50px\" aria-hidden=\"true\" class=\"wp-block-spacer\"><\/div>\n\n\n\n<h2 class=\"wp-block-heading\">Mobilit\u00e9s <\/h2>\n\n\n\n<div class=\"wp-block-columns is-layout-flex wp-container-core-columns-is-layout-9d6595d7 wp-block-columns-is-layout-flex\">\n<div class=\"wp-block-column is-layout-flow wp-block-column-is-layout-flow\">\n<p>On nomme <strong>mobilit\u00e9s urbaines<\/strong> l\u2019ensemble des mobilit\u00e9s dans un p\u00e9rim\u00e8tre urbain, qu\u2019elles soient strictement \u00ab&nbsp;intra-muros&nbsp;\u00bb ou qu\u2019elles soient entre les banlieues, le p\u00e9riurbain et les villes-centres.<\/p>\n\n\n\n<p>Les tensions sont r\u00e9elles entre, d&rsquo;une part, la libert\u00e9 des d\u00e9placements que seules les grandes villes et les m\u00e9tropoles semblent permettre et, d&rsquo;autre part, les contraintes urbaines. Les grandes villes et les m\u00e9tropoles ont des probl\u00e8mes de mobilit\u00e9 qui leur sont sp\u00e9cifiques : engorgements, saturations, conflits d&rsquo;usage, cons\u00e9quences de la p\u00e9riurbanisation, les navettes quotidienne domicile-travail, etc.<\/p>\n\n\n\n<p>Parmi les r\u00e9ponses possibles, le transport en commun en site propre (TCSP) exige des infrastructures sp\u00e9cifiques (tramway, <a href=\"https:\/\/geoconfluences.ens-lyon.fr\/glossaire\/bus-a-haut-niveau-de-service-bhns\" target=\"_blank\" rel=\"noreferrer noopener\">bus \u00e0 haut niveau de service (BHNS)<\/a>) et permet de transporter un plus grand nombre de voyageurs en soustrayant cette mobilit\u00e9 \u00e0 l&rsquo;encombrement des axes emprunt\u00e9s par les automobiles. Par ailleurs, le d\u00e9veloppement des <a href=\"https:\/\/geoconfluences.ens-lyon.fr\/glossaire\/mobilites-douces-modes-doux-transport-faiblement-carbone\" target=\"_blank\" rel=\"noreferrer noopener\">modes doux<\/a>, c&rsquo;est-\u00e0-dire qui ne consomment pas d&rsquo;autre \u00e9nergie que celle de leurs usagers, est envisag\u00e9. Le d\u00e9veloppement de la pratique de la bicyclette dans de nombreuses villes, et des syst\u00e8mes de v\u00e9los ou encore de trottinettes en libre-service, en sont des illustrations.<\/p>\n<\/div>\n\n\n\n<div class=\"wp-block-column is-layout-flow wp-block-column-is-layout-flow\">\n<figure class=\"wp-block-gallery has-nested-images columns-default is-cropped wp-block-gallery-5 is-layout-flex wp-block-gallery-is-layout-flex\">\n<figure class=\"wp-block-image size-large\"><img loading=\"lazy\" decoding=\"async\" width=\"600\" height=\"350\" data-id=\"850\" src=\"https:\/\/lessourcescitoyennes.fr\/wp-content\/uploads\/2024\/07\/mobilite-douce-ou-active.jpg\" alt=\"\" class=\"wp-image-850\" srcset=\"https:\/\/lessourcescitoyennes.fr\/wp-content\/uploads\/2024\/07\/mobilite-douce-ou-active.jpg 600w, https:\/\/lessourcescitoyennes.fr\/wp-content\/uploads\/2024\/07\/mobilite-douce-ou-active-300x175.jpg 300w\" sizes=\"auto, (max-width: 600px) 100vw, 600px\" \/><figcaption class=\"wp-element-caption\">*<\/figcaption><\/figure>\n<\/figure>\n<\/div>\n<\/div>\n\n\n\n<div class=\"wp-block-columns is-layout-flex wp-container-core-columns-is-layout-9d6595d7 wp-block-columns-is-layout-flex\">\n<div class=\"wp-block-column is-layout-flow wp-block-column-is-layout-flow\">\n<figure class=\"wp-block-gallery has-nested-images columns-default is-cropped wp-block-gallery-6 is-layout-flex wp-block-gallery-is-layout-flex\">\n<figure class=\"wp-block-image size-full\"><img loading=\"lazy\" decoding=\"async\" width=\"612\" height=\"408\" data-id=\"852\" src=\"https:\/\/lessourcescitoyennes.fr\/wp-content\/uploads\/2024\/07\/mobilite-douce-lyon.jpg\" alt=\"\" class=\"wp-image-852\" srcset=\"https:\/\/lessourcescitoyennes.fr\/wp-content\/uploads\/2024\/07\/mobilite-douce-lyon.jpg 612w, https:\/\/lessourcescitoyennes.fr\/wp-content\/uploads\/2024\/07\/mobilite-douce-lyon-300x200.jpg 300w\" sizes=\"auto, (max-width: 612px) 100vw, 612px\" \/><figcaption class=\"wp-element-caption\">Lyon France, 16 May 2020 : People doing bicycle on Rhone river bank  on the first weekend of the unlockdown in Lyon France<\/figcaption><\/figure>\n<\/figure>\n<\/div>\n\n\n\n<div class=\"wp-block-column is-layout-flow wp-block-column-is-layout-flow\">\n<figure class=\"wp-block-gallery has-nested-images columns-default is-cropped wp-block-gallery-7 is-layout-flex wp-block-gallery-is-layout-flex\">\n<figure class=\"wp-block-image size-large\"><img loading=\"lazy\" decoding=\"async\" width=\"724\" height=\"410\" data-id=\"853\" src=\"https:\/\/lessourcescitoyennes.fr\/wp-content\/uploads\/2024\/07\/mobilite-trotinette.jpg\" alt=\"\" class=\"wp-image-853\" srcset=\"https:\/\/lessourcescitoyennes.fr\/wp-content\/uploads\/2024\/07\/mobilite-trotinette.jpg 724w, https:\/\/lessourcescitoyennes.fr\/wp-content\/uploads\/2024\/07\/mobilite-trotinette-300x170.jpg 300w\" sizes=\"auto, (max-width: 724px) 100vw, 724px\" \/><\/figure>\n<\/figure>\n<\/div>\n<\/div>\n\n\n\n<div style=\"height:46px\" aria-hidden=\"true\" class=\"wp-block-spacer\"><\/div>\n\n\n\n<h2 class=\"wp-block-heading\">Transition \u00e9cologique<\/h2>\n\n\n\n<p>La transition \u00e9cologique est la concr\u00e9tisation en action du d\u00e9veloppement durable. La transition s&rsquo;impose du fait d&rsquo;une part du changement climatique et d&rsquo;autre part de la rar\u00e9faction des ressources. Son approche concerne directement la mani\u00e8re de construire la ville de demain. <strong>Un axe pour cette transition gagne \u00e0 \u00eatre enrichi par la participation des habitants<\/strong>, <strong>qui sont les plus \u00e0 m\u00eame de transmettre leurs difficult\u00e9s au quotidien<\/strong>. Puisque l\u2019adaptation au d\u00e9r\u00e8glement climatique demande une connaissance approfondie du territoire (inventaire des \u00eelots de chaleurs, indicateurs sur les d\u00e9perditions thermiques des b\u00e2timents, indicateurs sur les polluants, etc.) mais aussi des investissements importants, la coop\u00e9ration avec le droit commun, les experts et l\u2019articulation avec les documents de planification est essentielle.<\/p>\n\n\n\n<div class=\"wp-block-columns is-layout-flex wp-container-core-columns-is-layout-9d6595d7 wp-block-columns-is-layout-flex\">\n<div class=\"wp-block-column is-layout-flow wp-block-column-is-layout-flow\">\n<figure class=\"wp-block-gallery has-nested-images columns-default is-cropped wp-block-gallery-8 is-layout-flex wp-block-gallery-is-layout-flex\">\n<figure class=\"wp-block-image size-large\"><img loading=\"lazy\" decoding=\"async\" width=\"864\" height=\"486\" data-id=\"855\" src=\"https:\/\/lessourcescitoyennes.fr\/wp-content\/uploads\/2024\/07\/transition-ecologique.jpg\" alt=\"\" class=\"wp-image-855\" srcset=\"https:\/\/lessourcescitoyennes.fr\/wp-content\/uploads\/2024\/07\/transition-ecologique.jpg 864w, https:\/\/lessourcescitoyennes.fr\/wp-content\/uploads\/2024\/07\/transition-ecologique-300x169.jpg 300w, https:\/\/lessourcescitoyennes.fr\/wp-content\/uploads\/2024\/07\/transition-ecologique-768x432.jpg 768w\" sizes=\"auto, (max-width: 864px) 100vw, 864px\" \/><figcaption class=\"wp-element-caption\"><strong>Transition \u00e9cologique et \u00e9nerg\u00e9tique<\/strong><\/figcaption><\/figure>\n<\/figure>\n<\/div>\n\n\n\n<div class=\"wp-block-column is-layout-flow wp-block-column-is-layout-flow\">\n<figure class=\"wp-block-gallery has-nested-images columns-default is-cropped wp-block-gallery-9 is-layout-flex wp-block-gallery-is-layout-flex\">\n<figure class=\"wp-block-image size-large\"><img loading=\"lazy\" decoding=\"async\" width=\"1024\" height=\"678\" data-id=\"858\" src=\"https:\/\/lessourcescitoyennes.fr\/wp-content\/uploads\/2024\/07\/transition-ecologique-et-eau-1024x678.jpg\" alt=\"\" class=\"wp-image-858\" srcset=\"https:\/\/lessourcescitoyennes.fr\/wp-content\/uploads\/2024\/07\/transition-ecologique-et-eau-1024x678.jpg 1024w, https:\/\/lessourcescitoyennes.fr\/wp-content\/uploads\/2024\/07\/transition-ecologique-et-eau-300x199.jpg 300w, https:\/\/lessourcescitoyennes.fr\/wp-content\/uploads\/2024\/07\/transition-ecologique-et-eau-768x509.jpg 768w, https:\/\/lessourcescitoyennes.fr\/wp-content\/uploads\/2024\/07\/transition-ecologique-et-eau-1536x1017.jpg 1536w, https:\/\/lessourcescitoyennes.fr\/wp-content\/uploads\/2024\/07\/transition-ecologique-et-eau-2048x1356.jpg 2048w\" sizes=\"auto, (max-width: 1024px) 100vw, 1024px\" \/><figcaption class=\"wp-element-caption\"><strong>Transition \u00e9cologique &#8211; la place de l&rsquo;eau<\/strong><\/figcaption><\/figure>\n<\/figure>\n<\/div>\n\n\n\n<div class=\"wp-block-column is-layout-flow wp-block-column-is-layout-flow\">\n<figure class=\"wp-block-gallery has-nested-images columns-default is-cropped wp-block-gallery-10 is-layout-flex wp-block-gallery-is-layout-flex\">\n<figure class=\"wp-block-image size-large\"><img loading=\"lazy\" decoding=\"async\" width=\"620\" height=\"328\" data-id=\"857\" src=\"https:\/\/lessourcescitoyennes.fr\/wp-content\/uploads\/2024\/07\/transition-ecologique-les-projets-les-plus-fous.jpg\" alt=\"\" class=\"wp-image-857\" srcset=\"https:\/\/lessourcescitoyennes.fr\/wp-content\/uploads\/2024\/07\/transition-ecologique-les-projets-les-plus-fous.jpg 620w, https:\/\/lessourcescitoyennes.fr\/wp-content\/uploads\/2024\/07\/transition-ecologique-les-projets-les-plus-fous-300x159.jpg 300w\" sizes=\"auto, (max-width: 620px) 100vw, 620px\" \/><figcaption class=\"wp-element-caption\"><strong>Ville de demain &#8211; les projets les plus fous<\/strong><\/figcaption><\/figure>\n<\/figure>\n<\/div>\n<\/div>\n","protected":false},"excerpt":{"rendered":"<p>Urbanisme et am\u00e9nagements Face au r\u00e9chauffement climatique, il devient prioritaire de repenser les projets d\u2019urbanisme, les d\u00e9placements, la place de la nature en ville et les consommations d\u2019\u00e9nergie. Objectif : am\u00e9liorer le bien-\u00eatre de chacun dans un environnement apais\u00e9, une ville \u00ab des courts chemins \u00bb, o\u00f9 l\u2019on peut facilement se d\u00e9placer \u00e0 pied ou [&hellip;]<\/p>\n","protected":false},"author":1,"featured_media":0,"parent":0,"menu_order":0,"comment_status":"closed","ping_status":"closed","template":"","meta":{"footnotes":""},"class_list":["post-660","page","type-page","status-publish","hentry"],"_links":{"self":[{"href":"https:\/\/lessourcescitoyennes.fr\/index.php\/wp-json\/wp\/v2\/pages\/660","targetHints":{"allow":["GET"]}}],"collection":[{"href":"https:\/\/lessourcescitoyennes.fr\/index.php\/wp-json\/wp\/v2\/pages"}],"about":[{"href":"https:\/\/lessourcescitoyennes.fr\/index.php\/wp-json\/wp\/v2\/types\/page"}],"author":[{"embeddable":true,"href":"https:\/\/lessourcescitoyennes.fr\/index.php\/wp-json\/wp\/v2\/users\/1"}],"replies":[{"embeddable":true,"href":"https:\/\/lessourcescitoyennes.fr\/index.php\/wp-json\/wp\/v2\/comments?post=660"}],"version-history":[{"count":10,"href":"https:\/\/lessourcescitoyennes.fr\/index.php\/wp-json\/wp\/v2\/pages\/660\/revisions"}],"predecessor-version":[{"id":861,"href":"https:\/\/lessourcescitoyennes.fr\/index.php\/wp-json\/wp\/v2\/pages\/660\/revisions\/861"}],"wp:attachment":[{"href":"https:\/\/lessourcescitoyennes.fr\/index.php\/wp-json\/wp\/v2\/media?parent=660"}],"curies":[{"name":"wp","href":"https:\/\/api.w.org\/{rel}","templated":true}]}}