{"id":662,"date":"2024-07-02T16:31:15","date_gmt":"2024-07-02T14:31:15","guid":{"rendered":"https:\/\/lessourcescitoyennes.fr\/?page_id=662"},"modified":"2024-07-13T16:31:39","modified_gmt":"2024-07-13T14:31:39","slug":"page-exemple-5","status":"publish","type":"page","link":"https:\/\/lessourcescitoyennes.fr\/index.php\/page-exemple-5\/","title":{"rendered":"Sant\u00e9, sport, solidarit\u00e9 et autonomie"},"content":{"rendered":"\n<h2 class=\"wp-block-heading\">Sant\u00e9 et bien \u00eatre<\/h2>\n\n\n\n<p style=\"font-size:15px\">Aujourd\u2019hui encore, le milieu urbain souffre d\u2019une mauvaise image au plan de la sant\u00e9 comme si les villes \u00e9taient intrins\u00e8quement d\u00e9favorables \u00e0 la sant\u00e9, il est vrai que <strong>les risques sanitaires sont nombreux en ville<\/strong>&nbsp;: <em>pollution des sols<\/em>, <em>saturnisme infantile<\/em> dans certains quartiers, <em>pollution atmosph\u00e9rique<\/em>, <em>allergies diverses<\/em> comme celle li\u00e9es \u00e0 l\u2019ambroisie, etc. \u00c0&nbsp;ces expositions environnementales s\u2019ajoutent \u00e9galement d\u2019autres maux tels que <em>le stress, le surmenage, l\u2019\u00e9clatement familial, les pr\u00e9carit\u00e9s plurielles ou bien encore l\u2019isolement social<\/em>. <\/p>\n\n\n\n<p style=\"font-size:15px\">En cristallisant \u00e0 la fois les in\u00e9galit\u00e9s sociales et environnementales, et en prenant en compte l&rsquo;organisation de l&rsquo;offre de soin en ville, il est ais\u00e9 d&rsquo;appr\u00e9hender la complexit\u00e9 des espaces urbains et des dynamiques urbaines dans la constitution de l\u2019\u00e9tat de sant\u00e9 des citadins.<\/p>\n\n\n\n<p style=\"font-size:15px\"><strong>La prise en compte du facteur sant\u00e9 dans la constitution du bien-\u00eatre des citadins est aujourd\u2019hui essentielle<\/strong>. L\u2019enjeu pour les acteurs locaux, les citoyens ou les am\u00e9nageurs est justement de saisir toute cette complexit\u00e9 de mani\u00e8re \u00e0 pouvoir aller vers un am\u00e9nagement urbain plus sensible \u00e0 l\u2019humain et \u00e0 ses besoins.<\/p>\n\n\n\n<div class=\"wp-block-columns is-layout-flex wp-container-core-columns-is-layout-9d6595d7 wp-block-columns-is-layout-flex\">\n<div class=\"wp-block-column is-layout-flow wp-block-column-is-layout-flow\">\n<figure class=\"wp-block-gallery has-nested-images columns-default is-cropped wp-block-gallery-1 is-layout-flex wp-block-gallery-is-layout-flex\">\n<figure class=\"wp-block-image size-large\"><img loading=\"lazy\" decoding=\"async\" width=\"649\" height=\"365\" data-id=\"863\" src=\"https:\/\/lessourcescitoyennes.fr\/wp-content\/uploads\/2024\/07\/medecine-et-ville.jpg\" alt=\"\" class=\"wp-image-863\" srcset=\"https:\/\/lessourcescitoyennes.fr\/wp-content\/uploads\/2024\/07\/medecine-et-ville.jpg 649w, https:\/\/lessourcescitoyennes.fr\/wp-content\/uploads\/2024\/07\/medecine-et-ville-300x169.jpg 300w\" sizes=\"auto, (max-width: 649px) 100vw, 649px\" \/><\/figure>\n<\/figure>\n<\/div>\n\n\n\n<div class=\"wp-block-column is-layout-flow wp-block-column-is-layout-flow\">\n<figure class=\"wp-block-gallery has-nested-images columns-default is-cropped wp-block-gallery-2 is-layout-flex wp-block-gallery-is-layout-flex\">\n<figure class=\"wp-block-image size-large\"><img loading=\"lazy\" decoding=\"async\" width=\"1024\" height=\"683\" data-id=\"864\" src=\"https:\/\/lessourcescitoyennes.fr\/wp-content\/uploads\/2024\/07\/maison-de-sante.jpg\" alt=\"\" class=\"wp-image-864\" srcset=\"https:\/\/lessourcescitoyennes.fr\/wp-content\/uploads\/2024\/07\/maison-de-sante.jpg 1024w, https:\/\/lessourcescitoyennes.fr\/wp-content\/uploads\/2024\/07\/maison-de-sante-300x200.jpg 300w, https:\/\/lessourcescitoyennes.fr\/wp-content\/uploads\/2024\/07\/maison-de-sante-768x512.jpg 768w\" sizes=\"auto, (max-width: 1024px) 100vw, 1024px\" \/><\/figure>\n<\/figure>\n<\/div>\n<\/div>\n\n\n\n<div style=\"height:41px\" aria-hidden=\"true\" class=\"wp-block-spacer\"><\/div>\n\n\n\n<h2 class=\"wp-block-heading\">Sport<\/h2>\n\n\n\n<p style=\"font-size:15px\">Le sport dans nos vie et en ville, ce n&rsquo;est pas que les associations sportives, le sport en club ou salles de sport. Il est en effet primordial de <strong>concevoir la \u00ab ville \u00bb comme une autorit\u00e9 locale qui<\/strong> peut mener une politique sportive, en <strong>favorisant des formes urbaines favorables \u00e0 l\u2019activit\u00e9 physique<\/strong>, des actions locales en faveur de la <strong>promotion<\/strong>, une politique d\u2019<strong>\u00e9quipements sportifs<\/strong> ou de valorisation des <strong>modes actifs de d\u00e9placement<\/strong>.<\/p>\n\n\n\n<p style=\"font-size:15px\">De longues journ\u00e9es au bureau et un mode de vie s\u00e9dentaire repr\u00e9sentent de grands d\u00e9fis pour la sant\u00e9 des citadins modernes.  Cette s\u00e9dentarit\u00e9 est devenue au fil du temps une cause croissante de d\u00e9c\u00e8s. \u00c0 ce titre,<strong> les espaces publics constituent \u00e0 l\u2019heure actuelle l\u2019un des principaux atouts dont disposent les villes pour r\u00e9pondre \u00e0 ces enjeux de sant\u00e9 publique.<\/strong> Accessibles jour et nuit, gratuitement, ils ont une incidence directe sur la vie quotidienne de tous leurs citoyens.<\/p>\n\n\n\n<p style=\"font-size:15px\">C\u2019est dans cette dynamique que na\u00eet le lien entre sport, sant\u00e9 et espace public. Car une activit\u00e9 physique r\u00e9guli\u00e8re par le sport, le jeu ou la mobilit\u00e9 peut am\u00e9liorer l\u2019\u00e9tat de sant\u00e9 et \u00e9galement contribuer \u00e0 renforcer l\u2019inclusion sociale et le bien-\u00eatre.<\/p>\n\n\n\n<div class=\"wp-block-columns is-layout-flex wp-container-core-columns-is-layout-9d6595d7 wp-block-columns-is-layout-flex\">\n<div class=\"wp-block-column is-layout-flow wp-block-column-is-layout-flow\">\n<figure class=\"wp-block-gallery has-nested-images columns-default is-cropped wp-block-gallery-3 is-layout-flex wp-block-gallery-is-layout-flex\">\n<figure class=\"wp-block-image size-large\"><img loading=\"lazy\" decoding=\"async\" width=\"1024\" height=\"686\" data-id=\"865\" src=\"https:\/\/lessourcescitoyennes.fr\/wp-content\/uploads\/2024\/07\/sport-en-ville-1024x686.jpg\" alt=\"\" class=\"wp-image-865\" srcset=\"https:\/\/lessourcescitoyennes.fr\/wp-content\/uploads\/2024\/07\/sport-en-ville-1024x686.jpg 1024w, https:\/\/lessourcescitoyennes.fr\/wp-content\/uploads\/2024\/07\/sport-en-ville-300x201.jpg 300w, https:\/\/lessourcescitoyennes.fr\/wp-content\/uploads\/2024\/07\/sport-en-ville-768x514.jpg 768w, https:\/\/lessourcescitoyennes.fr\/wp-content\/uploads\/2024\/07\/sport-en-ville.jpg 1030w\" sizes=\"auto, (max-width: 1024px) 100vw, 1024px\" \/><figcaption class=\"wp-element-caption\"><strong>Un simple mobilier urbain peut devenir un agr\u00e9s sportif<\/strong><\/figcaption><\/figure>\n<\/figure>\n<\/div>\n\n\n\n<div class=\"wp-block-column is-layout-flow wp-block-column-is-layout-flow\">\n<figure class=\"wp-block-gallery has-nested-images columns-default is-cropped wp-block-gallery-4 is-layout-flex wp-block-gallery-is-layout-flex\">\n<figure class=\"wp-block-image size-large\"><img loading=\"lazy\" decoding=\"async\" width=\"1024\" height=\"648\" data-id=\"866\" src=\"https:\/\/lessourcescitoyennes.fr\/wp-content\/uploads\/2024\/07\/sport-en-ville-2-1024x648.jpg\" alt=\"\" class=\"wp-image-866\" srcset=\"https:\/\/lessourcescitoyennes.fr\/wp-content\/uploads\/2024\/07\/sport-en-ville-2-1024x648.jpg 1024w, https:\/\/lessourcescitoyennes.fr\/wp-content\/uploads\/2024\/07\/sport-en-ville-2-300x190.jpg 300w, https:\/\/lessourcescitoyennes.fr\/wp-content\/uploads\/2024\/07\/sport-en-ville-2-768x486.jpg 768w, https:\/\/lessourcescitoyennes.fr\/wp-content\/uploads\/2024\/07\/sport-en-ville-2.jpg 1280w\" sizes=\"auto, (max-width: 1024px) 100vw, 1024px\" \/><figcaption class=\"wp-element-caption\"><strong>Street workout<\/strong><\/figcaption><\/figure>\n<\/figure>\n<\/div>\n\n\n\n<div class=\"wp-block-column is-layout-flow wp-block-column-is-layout-flow\">\n<figure class=\"wp-block-gallery has-nested-images columns-default is-cropped wp-block-gallery-5 is-layout-flex wp-block-gallery-is-layout-flex\">\n<figure class=\"wp-block-image size-large\"><img loading=\"lazy\" decoding=\"async\" width=\"1024\" height=\"536\" data-id=\"867\" src=\"https:\/\/lessourcescitoyennes.fr\/wp-content\/uploads\/2024\/07\/sport-en-ville-pumptrack-et-padel-1024x536.jpg\" alt=\"\" class=\"wp-image-867\" srcset=\"https:\/\/lessourcescitoyennes.fr\/wp-content\/uploads\/2024\/07\/sport-en-ville-pumptrack-et-padel-1024x536.jpg 1024w, https:\/\/lessourcescitoyennes.fr\/wp-content\/uploads\/2024\/07\/sport-en-ville-pumptrack-et-padel-300x157.jpg 300w, https:\/\/lessourcescitoyennes.fr\/wp-content\/uploads\/2024\/07\/sport-en-ville-pumptrack-et-padel-768x402.jpg 768w, https:\/\/lessourcescitoyennes.fr\/wp-content\/uploads\/2024\/07\/sport-en-ville-pumptrack-et-padel-1536x805.jpg 1536w, https:\/\/lessourcescitoyennes.fr\/wp-content\/uploads\/2024\/07\/sport-en-ville-pumptrack-et-padel.jpg 1903w\" sizes=\"auto, (max-width: 1024px) 100vw, 1024px\" \/><figcaption class=\"wp-element-caption\"><strong>Pumptrack et padel de Beaumont-en-V\u00e9ron (37)<\/strong><\/figcaption><\/figure>\n<\/figure>\n<\/div>\n<\/div>\n\n\n\n<div style=\"height:41px\" aria-hidden=\"true\" class=\"wp-block-spacer\"><\/div>\n\n\n\n<h2 class=\"wp-block-heading\">Solidarit\u00e9s et autonomie<\/h2>\n\n\n\n<p style=\"font-size:15px\"><strong>L&rsquo;esp\u00e9rance de vie s\u2019est heureusement allong\u00e9e<\/strong>. <strong>Les fragilit\u00e9s et les relations entre les g\u00e9n\u00e9rations prennent une place nouvelle<\/strong>. Le vieillissement engage les personnes qui le vivent et interroge les choix de la soci\u00e9t\u00e9 que nous formons : nos solidarit\u00e9s \u2013 publiques et de proximit\u00e9 \u2013, la reconnaissance d\u2019une place pour chacun. <\/p>\n\n\n\n<p style=\"font-size:15px\">Une nouvelle compl\u00e9mentarit\u00e9 entre pr\u00e9sence de proximit\u00e9 et solidarit\u00e9 publique se cherche. Ce doit \u00eatre aujourd\u2019hui une des pr\u00e9occupations des responsables politiques, nationaux, d\u00e9partementaux et municipaux : <strong>aider les personnes \u00e0 garder une pr\u00e9sence, leurs droits, leur capital social, donner un statut aux aidants, familiaux ou associatifs<\/strong>. Les personnes d\u00e9pendantes participent \u00e0 notre monde. Elles ne sont pas des fardeaux, que nous devons soutenir, elles ne sont pas de malheureux objets de compassion, mais objets de consid\u00e9ration.<\/p>\n\n\n\n<p style=\"font-size:15px\">Il ne s\u2019agit plus l\u00e0 de solidarit\u00e9 mise en \u0153uvre \u00e0 travers des prestations impersonnelles mais de la reconnaissance, \u00e0 partir de <strong>l\u2019accompagnement de la d\u00e9pendance<\/strong>, d\u2019<strong>une n\u00e9cessaire r\u00e9flexion pour toute la soci\u00e9t\u00e9<\/strong>. Cette relation n\u2019est pas seulement d\u2019empathie, de compassion; elle est rencontre autour de l\u2019acte m\u00eame d\u2019aider et de soigner, attentive aux besoins, \u00e0 la recherche des leviers \u2013 techniques d\u2019abord \u2013 pour y r\u00e9pondre. <\/p>\n\n\n\n<figure class=\"wp-block-gallery has-nested-images columns-default is-cropped wp-block-gallery-6 is-layout-flex wp-block-gallery-is-layout-flex\">\n<figure class=\"wp-block-image size-large\"><img loading=\"lazy\" decoding=\"async\" width=\"965\" height=\"424\" data-id=\"870\" src=\"https:\/\/lessourcescitoyennes.fr\/wp-content\/uploads\/2024\/07\/perte-autonomie-anticiper-vieillesse.jpg\" alt=\"\" class=\"wp-image-870\" srcset=\"https:\/\/lessourcescitoyennes.fr\/wp-content\/uploads\/2024\/07\/perte-autonomie-anticiper-vieillesse.jpg 965w, https:\/\/lessourcescitoyennes.fr\/wp-content\/uploads\/2024\/07\/perte-autonomie-anticiper-vieillesse-300x132.jpg 300w, https:\/\/lessourcescitoyennes.fr\/wp-content\/uploads\/2024\/07\/perte-autonomie-anticiper-vieillesse-768x337.jpg 768w\" sizes=\"auto, (max-width: 965px) 100vw, 965px\" \/><\/figure>\n<\/figure>\n","protected":false},"excerpt":{"rendered":"<p>Sant\u00e9 et bien \u00eatre Aujourd\u2019hui encore, le milieu urbain souffre d\u2019une mauvaise image au plan de la sant\u00e9 comme si les villes \u00e9taient intrins\u00e8quement d\u00e9favorables \u00e0 la sant\u00e9, il est vrai que les risques sanitaires sont nombreux en ville&nbsp;: pollution des sols, saturnisme infantile dans certains quartiers, pollution atmosph\u00e9rique, allergies diverses comme celle li\u00e9es \u00e0 [&hellip;]<\/p>\n","protected":false},"author":1,"featured_media":0,"parent":0,"menu_order":0,"comment_status":"closed","ping_status":"closed","template":"","meta":{"footnotes":""},"class_list":["post-662","page","type-page","status-publish","hentry"],"_links":{"self":[{"href":"https:\/\/lessourcescitoyennes.fr\/index.php\/wp-json\/wp\/v2\/pages\/662","targetHints":{"allow":["GET"]}}],"collection":[{"href":"https:\/\/lessourcescitoyennes.fr\/index.php\/wp-json\/wp\/v2\/pages"}],"about":[{"href":"https:\/\/lessourcescitoyennes.fr\/index.php\/wp-json\/wp\/v2\/types\/page"}],"author":[{"embeddable":true,"href":"https:\/\/lessourcescitoyennes.fr\/index.php\/wp-json\/wp\/v2\/users\/1"}],"replies":[{"embeddable":true,"href":"https:\/\/lessourcescitoyennes.fr\/index.php\/wp-json\/wp\/v2\/comments?post=662"}],"version-history":[{"count":7,"href":"https:\/\/lessourcescitoyennes.fr\/index.php\/wp-json\/wp\/v2\/pages\/662\/revisions"}],"predecessor-version":[{"id":966,"href":"https:\/\/lessourcescitoyennes.fr\/index.php\/wp-json\/wp\/v2\/pages\/662\/revisions\/966"}],"wp:attachment":[{"href":"https:\/\/lessourcescitoyennes.fr\/index.php\/wp-json\/wp\/v2\/media?parent=662"}],"curies":[{"name":"wp","href":"https:\/\/api.w.org\/{rel}","templated":true}]}}