{"id":664,"date":"2024-07-02T16:31:29","date_gmt":"2024-07-02T14:31:29","guid":{"rendered":"https:\/\/lessourcescitoyennes.fr\/?page_id=664"},"modified":"2024-07-13T16:29:08","modified_gmt":"2024-07-13T14:29:08","slug":"page-exemple-6","status":"publish","type":"page","link":"https:\/\/lessourcescitoyennes.fr\/index.php\/page-exemple-6\/","title":{"rendered":"Attractivit\u00e9 \u00e9conomique, emplois et services \u00e0 la population"},"content":{"rendered":"\n<h2 class=\"wp-block-heading\">Attractivit\u00e9 \u00e9conomique et emplois<\/h2>\n\n\n\n<blockquote class=\"wp-block-quote is-layout-flow wp-block-quote-is-layout-flow\">\n<p style=\"font-size:15px\"><strong>L\u2019attractivit\u00e9 d&rsquo;un territoire<\/strong> est devenue, en quelques ann\u00e9es, <strong>un sujet central<\/strong>. L\u2019attractivit\u00e9 d\u2019un territoire  elle r\u00e9side en sa <strong>capacit\u00e9 \u00e0 attirer, et \u00e0 garder, les ressources dont il a besoin pour se d\u00e9velopper<\/strong> : habitants (d\u00e9mographique), entreprises (\u00e9conomique), touristes (touristique), investisseurs, etc <\/p>\n\n\n\n<p style=\"font-size:15px\">L&#8217;emploi est un des leviers d\u2019attractivit\u00e9 utilis\u00e9s ou \u00e0 utiliser. <strong>Le sujet de l\u2019Emploi (emploi, formation, recrutement, insertion, implantation <\/strong>\u2026) a un double effet sur l\u2019attractivit\u00e9 d\u2019un territoire car il <strong>s\u2019adresse \u00e0 la population et aux entreprises<\/strong> sans distinction et de mani\u00e8re presque universelle.<\/p>\n\n\n\n<p style=\"font-size:15px\">Rendre visible les possibilit\u00e9s et le potentiel de l\u2019Emploi permet de r\u00e9pondre aux 3 grandes  pr\u00e9occupations majeures de la population concernant l\u2019emploi :<\/p>\n\n\n\n<ul class=\"wp-block-list\">\n<li style=\"font-size:15px\"><em>Est-ce que je vais trouver facilement un emploi sur le territoire ?<\/em><\/li>\n\n\n\n<li style=\"font-size:15px\"><em>Si je d\u00e9m\u00e9nage avec ma famille sur le territoire , est ce que mon ou ma conjoint(e) pourra trouver un travail facilement ?<\/em><\/li>\n\n\n\n<li style=\"font-size:15px\"><em>Si j\u2019ai envie d\u2019\u00e9voluer dans ma carri\u00e8re (64% des cadres souhaitent \u00e9voluer dans les 3 ans &#8211; source APEC 2019), y aura \u2013 t- il des possibilit\u00e9s de changer de poste sans d\u00e9m\u00e9nager ou rallonger de beaucoup mon temps de trajet ?<\/em><\/li>\n<\/ul>\n\n\n\n<blockquote class=\"wp-block-quote is-layout-flow wp-block-quote-is-layout-flow\">\n<div class=\"wp-block-columns is-layout-flex wp-container-core-columns-is-layout-9d6595d7 wp-block-columns-is-layout-flex\">\n<div class=\"wp-block-column is-layout-flow wp-block-column-is-layout-flow\">\n<figure class=\"wp-block-gallery has-nested-images columns-default is-cropped wp-block-gallery-1 is-layout-flex wp-block-gallery-is-layout-flex\">\n<figure class=\"wp-block-image size-large\"><img loading=\"lazy\" decoding=\"async\" width=\"612\" height=\"408\" data-id=\"873\" src=\"https:\/\/lessourcescitoyennes.fr\/wp-content\/uploads\/2024\/07\/artisan-plus-recherche.jpeg\" alt=\"\" class=\"wp-image-873\" srcset=\"https:\/\/lessourcescitoyennes.fr\/wp-content\/uploads\/2024\/07\/artisan-plus-recherche.jpeg 612w, https:\/\/lessourcescitoyennes.fr\/wp-content\/uploads\/2024\/07\/artisan-plus-recherche-300x200.jpeg 300w\" sizes=\"auto, (max-width: 612px) 100vw, 612px\" \/><\/figure>\n<\/figure>\n<\/div>\n\n\n\n<div class=\"wp-block-column is-layout-flow wp-block-column-is-layout-flow\">\n<figure class=\"wp-block-gallery has-nested-images columns-default is-cropped wp-block-gallery-2 is-layout-flex wp-block-gallery-is-layout-flex\">\n<figure class=\"wp-block-image size-full\"><img loading=\"lazy\" decoding=\"async\" width=\"550\" height=\"320\" data-id=\"875\" src=\"https:\/\/lessourcescitoyennes.fr\/wp-content\/uploads\/2024\/07\/entreprise-aide.jpg\" alt=\"\" class=\"wp-image-875\" srcset=\"https:\/\/lessourcescitoyennes.fr\/wp-content\/uploads\/2024\/07\/entreprise-aide.jpg 550w, https:\/\/lessourcescitoyennes.fr\/wp-content\/uploads\/2024\/07\/entreprise-aide-300x175.jpg 300w\" sizes=\"auto, (max-width: 550px) 100vw, 550px\" \/><figcaption class=\"wp-element-caption\">Cr\u00e9ation d&rsquo;entreprise et aides <\/figcaption><\/figure>\n<\/figure>\n<\/div>\n<\/div>\n<\/blockquote>\n<\/blockquote>\n\n\n\n<div style=\"height:50px\" aria-hidden=\"true\" class=\"wp-block-spacer\"><\/div>\n\n\n\n<h2 class=\"wp-block-heading\">Services \u00e0 la population<\/h2>\n\n\n\n<p style=\"font-size:15px\">La mairie est une collectivit\u00e9 territoriale qui a pour principale mission de satisfaire les besoins quotidiens de la population. Ses attributions sont multiples : \u00e9tat-civil, \u00e9lections, urbanisme, scolaire-p\u00e9riscolaire-petite enfance, aide sociale &#8211; CCAS, animation, communication, services techniques (b\u00e2timents comunaux, espaces verts), culture et patrimoine, sant\u00e9, police municipale, etc. Les services municipaux comptent plusieurs branches pour mieux servir la population. Ce sont des services de proximit\u00e9, pour r\u00e9pondre aux besoins des citoyens.<\/p>\n\n\n\n<p style=\"font-size:15px\">Toutefois, les Fran\u00e7ais(e)s expriment des attentes fortes en termes de qualit\u00e9 de service, de simplification et d\u2019\u00e9coute, attentes qui sont encore exacerb\u00e9es dans le contexte de crise sanitaire : 58% des Fran\u00e7ais souhaitent plus de rapidit\u00e9, 42% plus de simplicit\u00e9, 34% une meilleure \u00e9galit\u00e9 des services publics sur les territoires et 25% un suivi plus personnalis\u00e9 (Barom\u00e8tre Delouvrier, 2019).<\/p>\n\n\n\n<p style=\"font-size:15px\">C\u2019est pour faire progresser encore davantage la qualit\u00e9 du service rendu et d\u00e9velopper la confiance entre l\u2019administration et les usagers que le Gouvernement a d\u00e9cid\u00e9 de franchir une \u00e9tape suppl\u00e9mentaire et de proposer \u00e0 l&rsquo;ensemble des services publics en relation des usagers un programme unifi\u00e9 d&rsquo;am\u00e9lioration continue centr\u00e9 sur l&rsquo;exp\u00e9rience usager appel\u00e9 <strong>Services Publics + .<\/strong><\/p>\n\n\n\n<figure class=\"wp-block-gallery has-nested-images columns-default is-cropped wp-block-gallery-3 is-layout-flex wp-block-gallery-is-layout-flex\">\n<figure class=\"wp-block-image size-large\"><img loading=\"lazy\" decoding=\"async\" width=\"1024\" height=\"279\" data-id=\"877\" src=\"https:\/\/lessourcescitoyennes.fr\/wp-content\/uploads\/2024\/07\/panoramique-bandeau-pulnoy-2.jpg\" alt=\"\" class=\"wp-image-877\" srcset=\"https:\/\/lessourcescitoyennes.fr\/wp-content\/uploads\/2024\/07\/panoramique-bandeau-pulnoy-2.jpg 1024w, https:\/\/lessourcescitoyennes.fr\/wp-content\/uploads\/2024\/07\/panoramique-bandeau-pulnoy-2-300x82.jpg 300w, https:\/\/lessourcescitoyennes.fr\/wp-content\/uploads\/2024\/07\/panoramique-bandeau-pulnoy-2-768x209.jpg 768w\" sizes=\"auto, (max-width: 1024px) 100vw, 1024px\" \/><\/figure>\n<\/figure>\n\n\n\n<p><\/p>\n","protected":false},"excerpt":{"rendered":"<p>Attractivit\u00e9 \u00e9conomique et emplois Services \u00e0 la population La mairie est une collectivit\u00e9 territoriale qui a pour principale mission de satisfaire les besoins quotidiens de la population. Ses attributions sont multiples : \u00e9tat-civil, \u00e9lections, urbanisme, scolaire-p\u00e9riscolaire-petite enfance, aide sociale &#8211; CCAS, animation, communication, services techniques (b\u00e2timents comunaux, espaces verts), culture et patrimoine, sant\u00e9, police municipale, [&hellip;]<\/p>\n","protected":false},"author":1,"featured_media":0,"parent":0,"menu_order":0,"comment_status":"closed","ping_status":"closed","template":"","meta":{"footnotes":""},"class_list":["post-664","page","type-page","status-publish","hentry"],"_links":{"self":[{"href":"https:\/\/lessourcescitoyennes.fr\/index.php\/wp-json\/wp\/v2\/pages\/664","targetHints":{"allow":["GET"]}}],"collection":[{"href":"https:\/\/lessourcescitoyennes.fr\/index.php\/wp-json\/wp\/v2\/pages"}],"about":[{"href":"https:\/\/lessourcescitoyennes.fr\/index.php\/wp-json\/wp\/v2\/types\/page"}],"author":[{"embeddable":true,"href":"https:\/\/lessourcescitoyennes.fr\/index.php\/wp-json\/wp\/v2\/users\/1"}],"replies":[{"embeddable":true,"href":"https:\/\/lessourcescitoyennes.fr\/index.php\/wp-json\/wp\/v2\/comments?post=664"}],"version-history":[{"count":6,"href":"https:\/\/lessourcescitoyennes.fr\/index.php\/wp-json\/wp\/v2\/pages\/664\/revisions"}],"predecessor-version":[{"id":963,"href":"https:\/\/lessourcescitoyennes.fr\/index.php\/wp-json\/wp\/v2\/pages\/664\/revisions\/963"}],"wp:attachment":[{"href":"https:\/\/lessourcescitoyennes.fr\/index.php\/wp-json\/wp\/v2\/media?parent=664"}],"curies":[{"name":"wp","href":"https:\/\/api.w.org\/{rel}","templated":true}]}}